{"id":99,"date":"2017-01-07T11:50:17","date_gmt":"2017-01-07T10:50:17","guid":{"rendered":"http:\/\/www.yasminemodestine.com\/?page_id=99"},"modified":"2017-01-24T13:55:24","modified_gmt":"2017-01-24T12:55:24","slug":"umael-et-moi-theatre","status":"publish","type":"page","link":"http:\/\/www.yasminemodestine.com\/?page_id=99","title":{"rendered":"Uma\u00ebl et moi (th\u00e9\u00e2tre)"},"content":{"rendered":"<h4><img loading=\"lazy\" class=\"size-medium wp-image-227 alignleft\" src=\"http:\/\/www.yasminemodestine.com\/wp-content\/uploads\/2017\/01\/umaelcouv1-215x300.jpg\" alt=\"Couverture Uma\u00ebl et Moi\" width=\"215\" height=\"300\" srcset=\"http:\/\/www.yasminemodestine.com\/wp-content\/uploads\/2017\/01\/umaelcouv1-215x300.jpg 215w, http:\/\/www.yasminemodestine.com\/wp-content\/uploads\/2017\/01\/umaelcouv1.jpg 665w\" sizes=\"(max-width: 215px) 100vw, 215px\" \/>Umael et moi<\/h4>\n<p>Uma\u00ebl est l\u2019ange gardien de Justine. Impuissant \u00e0 la prot\u00e9ger, il rage de n\u2019\u00eatre ni le puissant Gabriel ni le doux Rapha\u00ebl. \u00abTa m\u00e8re t\u2019a abandonn\u00e9e parce que tu es noire, elle a gard\u00e9 ton fr\u00e8re parce qu\u2019il est blanc !\u00bb.<\/p>\n<p>Justine est fracass\u00e9e par tous ceux qui l\u2019ont prise puis jet\u00e9e, \u00e0 commencer par sa m\u00e8re.<\/p>\n<p>\u00abJe suis toute seule en train de me demander si je vis ou si je meurs. [&#8230;] C\u2019est \u00e0 toi de d\u00e9cider si tu veux me faire exister ou non? Je ne suis que ce que tu veux que je sois.\u00bb<\/p>\n<p>On retrouve ici les th\u00e8mes centraux de l\u2019\u0153uvre de Yasmine Modestine: l\u2019abandon, la mixit\u00e9, mais aussi l\u2019envie de vivre \u00e0 tout prix!<\/p>\n<h4>Personnages<\/h4>\n<p>Justine, Tommy, le P\u00e8re, la M\u00e8re, la Belle-M\u00e8re, David, Mordred, Catherine, Uma\u00ebl, D\u00e9d\u00e9, le Gendarme.<\/p>\n<div data-canvas-width=\"545.5980846560843\">\n<div style=\"text-align: left;\" data-canvas-width=\"98.81429176114891\"><strong>Editions Le Solitaire, Tarbes, novembre 2012<\/strong><\/div>\n<div style=\"text-align: left;\" data-canvas-width=\"98.81429176114891\">Commandez la chez l\u2019\u00e9diteur <a href=\"http:\/\/www.ed-lesolitaire.com\/0554-panier.htm\" target=\"_blank\">en cliquant ici.<\/a><\/div>\n<\/div>\n","protected":false},"excerpt":{"rendered":"<p>Umael et moi Uma\u00ebl est l\u2019ange gardien de Justine. Impuissant \u00e0 la prot\u00e9ger, il rage de n\u2019\u00eatre ni le puissant Gabriel ni le doux Rapha\u00ebl. \u00abTa m\u00e8re t\u2019a abandonn\u00e9e parce que tu es noire, elle a gard\u00e9 ton fr\u00e8re parce qu\u2019il est blanc !\u00bb. Justine est fracass\u00e9e par tous ceux qui l\u2019ont prise puis jet\u00e9e, [&hellip;]<\/p>\n","protected":false},"author":1,"featured_media":0,"parent":60,"menu_order":4,"comment_status":"closed","ping_status":"closed","template":"","meta":[],"yoast_head":"<!-- This site is optimized with the Yoast SEO plugin v19.6 - https:\/\/yoast.com\/wordpress\/plugins\/seo\/ -->\r\n<title>Uma\u00ebl et moi (th\u00e9\u00e2tre) - Yasmine Modestine<\/title>\r\n<meta name=\"description\" content=\"Uma\u00ebl et moi : une pi\u00e8ce de Yasmine Modestine, publi\u00e9e aux Editions Le Solitaire (Tarbes), collection Jeune Th\u00e9\u00e2tre.\" \/>\r\n<meta name=\"robots\" content=\"index, follow, max-snippet:-1, max-image-preview:large, max-video-preview:-1\" \/>\r\n<link rel=\"canonical\" href=\"http:\/\/www.yasminemodestine.com\/?page_id=99\" \/>\r\n<meta property=\"og:locale\" content=\"fr_FR\" \/>\r\n<meta property=\"og:type\" content=\"article\" \/>\r\n<meta property=\"og:title\" content=\"Yasmine Modestine - Uma\u00ebl et moi\" \/>\r\n<meta property=\"og:description\" content=\"Une pi\u00e8ce de Yasmine Modestine, publi\u00e9e aux Editions Le Solitaire (Tarbes), collection Jeune Th\u00e9\u00e2tre.\" \/>\r\n<meta property=\"og:url\" content=\"http:\/\/www.yasminemodestine.com\/?page_id=99\" \/>\r\n<meta property=\"og:site_name\" content=\"Yasmine Modestine\" \/>\r\n<meta property=\"article:publisher\" content=\"http:\/\/www.facebook.com\/yasminemodestinepage\" \/>\r\n<meta property=\"article:modified_time\" content=\"2017-01-24T12:55:24+00:00\" \/>\r\n<meta property=\"og:image\" content=\"http:\/\/www.yasminemodestine.com\/wp-content\/uploads\/2017\/01\/umaelcouv1-215x300.jpg\" \/>\r\n<meta name=\"twitter:card\" content=\"summary\" \/>\r\n<meta name=\"twitter:title\" content=\"Yasmine Modestine - Uma\u00ebl et moi\" \/>\r\n<meta name=\"twitter:description\" content=\"Une pi\u00e8ce de Yasmine Modestine, publi\u00e9e aux Editions Le Solitaire (Tarbes), collection Jeune Th\u00e9\u00e2tre.\" \/>\r\n<meta name=\"twitter:site\" content=\"@yasminmodestine\" \/>\r\n<meta name=\"twitter:label1\" content=\"Dur\u00e9e de lecture estim\u00e9e\" \/>\n\t<meta name=\"twitter:data1\" content=\"1 minute\" \/>\r\n<script type=\"application\/ld+json\" class=\"yoast-schema-graph\">{\"@context\":\"https:\/\/schema.org\",\"@graph\":[{\"@type\":\"WebPage\",\"@id\":\"http:\/\/www.yasminemodestine.com\/?page_id=99\",\"url\":\"http:\/\/www.yasminemodestine.com\/?page_id=99\",\"name\":\"Uma\u00ebl et moi (th\u00e9\u00e2tre) - Yasmine Modestine\",\"isPartOf\":{\"@id\":\"http:\/\/www.yasminemodestine.com\/#website\"},\"datePublished\":\"2017-01-07T10:50:17+00:00\",\"dateModified\":\"2017-01-24T12:55:24+00:00\",\"description\":\"Uma\u00ebl et moi : une pi\u00e8ce de Yasmine Modestine, publi\u00e9e aux Editions Le Solitaire (Tarbes), collection Jeune Th\u00e9\u00e2tre.\",\"breadcrumb\":{\"@id\":\"http:\/\/www.yasminemodestine.com\/?page_id=99#breadcrumb\"},\"inLanguage\":\"fr-FR\",\"potentialAction\":[{\"@type\":\"ReadAction\",\"target\":[\"http:\/\/www.yasminemodestine.com\/?page_id=99\"]}]},{\"@type\":\"BreadcrumbList\",\"@id\":\"http:\/\/www.yasminemodestine.com\/?page_id=99#breadcrumb\",\"itemListElement\":[{\"@type\":\"ListItem\",\"position\":1,\"name\":\"Accueil\",\"item\":\"http:\/\/www.yasminemodestine.com\/?page_id=9\"},{\"@type\":\"ListItem\",\"position\":2,\"name\":\"Autrice\",\"item\":\"http:\/\/www.yasminemodestine.com\/?page_id=60\"},{\"@type\":\"ListItem\",\"position\":3,\"name\":\"Uma\u00ebl et moi (th\u00e9\u00e2tre)\"}]},{\"@type\":\"WebSite\",\"@id\":\"http:\/\/www.yasminemodestine.com\/#website\",\"url\":\"http:\/\/www.yasminemodestine.com\/\",\"name\":\"Yasmine Modestine\",\"description\":\"PIANO A TEXTE ET VOIX\",\"potentialAction\":[{\"@type\":\"SearchAction\",\"target\":{\"@type\":\"EntryPoint\",\"urlTemplate\":\"http:\/\/www.yasminemodestine.com\/?s={search_term_string}\"},\"query-input\":\"required name=search_term_string\"}],\"inLanguage\":\"fr-FR\"}]}<\/script>\r\n<!-- \/ Yoast SEO plugin. -->","yoast_head_json":{"title":"Uma\u00ebl et moi (th\u00e9\u00e2tre) - Yasmine Modestine","description":"Uma\u00ebl et moi : une pi\u00e8ce de Yasmine Modestine, publi\u00e9e aux Editions Le Solitaire (Tarbes), collection Jeune Th\u00e9\u00e2tre.","robots":{"index":"index","follow":"follow","max-snippet":"max-snippet:-1","max-image-preview":"max-image-preview:large","max-video-preview":"max-video-preview:-1"},"canonical":"http:\/\/www.yasminemodestine.com\/?page_id=99","og_locale":"fr_FR","og_type":"article","og_title":"Yasmine Modestine - Uma\u00ebl et moi","og_description":"Une pi\u00e8ce de Yasmine Modestine, publi\u00e9e aux Editions Le Solitaire (Tarbes), collection Jeune Th\u00e9\u00e2tre.","og_url":"http:\/\/www.yasminemodestine.com\/?page_id=99","og_site_name":"Yasmine Modestine","article_publisher":"http:\/\/www.facebook.com\/yasminemodestinepage","article_modified_time":"2017-01-24T12:55:24+00:00","og_image":[{"url":"http:\/\/www.yasminemodestine.com\/wp-content\/uploads\/2017\/01\/umaelcouv1-215x300.jpg"}],"twitter_card":"summary","twitter_title":"Yasmine Modestine - Uma\u00ebl et moi","twitter_description":"Une pi\u00e8ce de Yasmine Modestine, publi\u00e9e aux Editions Le Solitaire (Tarbes), collection Jeune Th\u00e9\u00e2tre.","twitter_site":"@yasminmodestine","twitter_misc":{"Dur\u00e9e de lecture estim\u00e9e":"1 minute"},"schema":{"@context":"https:\/\/schema.org","@graph":[{"@type":"WebPage","@id":"http:\/\/www.yasminemodestine.com\/?page_id=99","url":"http:\/\/www.yasminemodestine.com\/?page_id=99","name":"Uma\u00ebl et moi (th\u00e9\u00e2tre) - Yasmine Modestine","isPartOf":{"@id":"http:\/\/www.yasminemodestine.com\/#website"},"datePublished":"2017-01-07T10:50:17+00:00","dateModified":"2017-01-24T12:55:24+00:00","description":"Uma\u00ebl et moi : une pi\u00e8ce de Yasmine Modestine, publi\u00e9e aux Editions Le Solitaire (Tarbes), collection Jeune Th\u00e9\u00e2tre.","breadcrumb":{"@id":"http:\/\/www.yasminemodestine.com\/?page_id=99#breadcrumb"},"inLanguage":"fr-FR","potentialAction":[{"@type":"ReadAction","target":["http:\/\/www.yasminemodestine.com\/?page_id=99"]}]},{"@type":"BreadcrumbList","@id":"http:\/\/www.yasminemodestine.com\/?page_id=99#breadcrumb","itemListElement":[{"@type":"ListItem","position":1,"name":"Accueil","item":"http:\/\/www.yasminemodestine.com\/?page_id=9"},{"@type":"ListItem","position":2,"name":"Autrice","item":"http:\/\/www.yasminemodestine.com\/?page_id=60"},{"@type":"ListItem","position":3,"name":"Uma\u00ebl et moi (th\u00e9\u00e2tre)"}]},{"@type":"WebSite","@id":"http:\/\/www.yasminemodestine.com\/#website","url":"http:\/\/www.yasminemodestine.com\/","name":"Yasmine Modestine","description":"PIANO A TEXTE ET VOIX","potentialAction":[{"@type":"SearchAction","target":{"@type":"EntryPoint","urlTemplate":"http:\/\/www.yasminemodestine.com\/?s={search_term_string}"},"query-input":"required name=search_term_string"}],"inLanguage":"fr-FR"}]}},"_links":{"self":[{"href":"http:\/\/www.yasminemodestine.com\/index.php?rest_route=\/wp\/v2\/pages\/99"}],"collection":[{"href":"http:\/\/www.yasminemodestine.com\/index.php?rest_route=\/wp\/v2\/pages"}],"about":[{"href":"http:\/\/www.yasminemodestine.com\/index.php?rest_route=\/wp\/v2\/types\/page"}],"author":[{"embeddable":true,"href":"http:\/\/www.yasminemodestine.com\/index.php?rest_route=\/wp\/v2\/users\/1"}],"replies":[{"embeddable":true,"href":"http:\/\/www.yasminemodestine.com\/index.php?rest_route=%2Fwp%2Fv2%2Fcomments&post=99"}],"version-history":[{"count":10,"href":"http:\/\/www.yasminemodestine.com\/index.php?rest_route=\/wp\/v2\/pages\/99\/revisions"}],"predecessor-version":[{"id":342,"href":"http:\/\/www.yasminemodestine.com\/index.php?rest_route=\/wp\/v2\/pages\/99\/revisions\/342"}],"up":[{"embeddable":true,"href":"http:\/\/www.yasminemodestine.com\/index.php?rest_route=\/wp\/v2\/pages\/60"}],"wp:attachment":[{"href":"http:\/\/www.yasminemodestine.com\/index.php?rest_route=%2Fwp%2Fv2%2Fmedia&parent=99"}],"curies":[{"name":"wp","href":"https:\/\/api.w.org\/{rel}","templated":true}]}}