{"id":94,"date":"2017-01-07T11:19:45","date_gmt":"2017-01-07T10:19:45","guid":{"rendered":"http:\/\/www.yasminemodestine.com\/?page_id=94"},"modified":"2017-01-24T13:53:00","modified_gmt":"2017-01-24T12:53:00","slug":"le-chinois-vert-a-pattes-jaunes-theatre","status":"publish","type":"page","link":"http:\/\/www.yasminemodestine.com\/?page_id=94","title":{"rendered":"Le Chinois vert \u00e0 pattes jaunes (th\u00e9\u00e2tre)"},"content":{"rendered":"<h4 data-canvas-width=\"177.07996674225245\"><img loading=\"lazy\" class=\"size-medium wp-image-232 alignleft\" src=\"http:\/\/www.yasminemodestine.com\/wp-content\/uploads\/2017\/01\/LeChinoisvertapattesjaunes-couv1-206x300.jpg\" alt=\"Couverture Le Chinois vert \u00e0 pattes jaunes\" width=\"206\" height=\"300\" srcset=\"http:\/\/www.yasminemodestine.com\/wp-content\/uploads\/2017\/01\/LeChinoisvertapattesjaunes-couv1-206x300.jpg 206w, http:\/\/www.yasminemodestine.com\/wp-content\/uploads\/2017\/01\/LeChinoisvertapattesjaunes-couv1-768x1118.jpg 768w, http:\/\/www.yasminemodestine.com\/wp-content\/uploads\/2017\/01\/LeChinoisvertapattesjaunes-couv1-703x1024.jpg 703w, http:\/\/www.yasminemodestine.com\/wp-content\/uploads\/2017\/01\/LeChinoisvertapattesjaunes-couv1-1200x1747.jpg 1200w, http:\/\/www.yasminemodestine.com\/wp-content\/uploads\/2017\/01\/LeChinoisvertapattesjaunes-couv1.jpg 1632w\" sizes=\"(max-width: 206px) 100vw, 206px\" \/>le chinois vert \u00e0 pattes jaunes<\/h4>\n<p>&nbsp;<\/p>\n<div data-canvas-width=\"177.07996674225245\">Blanche. C\u2019est l\u2019hiver \u00e0 \u00c9tretat.<\/div>\n<div data-canvas-width=\"177.07996674225245\"><\/div>\n<div data-canvas-width=\"738.7938533635678\">Du haut des falaises, je me regarde Tomb\u00e9e. Tout en bas, je me vois, \u00e9cras\u00e9e. Je compte les secondes qui me s\u00e9parent du sol.<\/div>\n<div data-canvas-width=\"738.7938533635678\"><\/div>\n<div data-canvas-width=\"190.1716326530612\">Je rewind. Debout. Sur la falaise.<\/div>\n<p>&nbsp;<\/p>\n<div data-canvas-width=\"178.65665306122457\">Blanche retrouve sa m\u00e8re. Une m\u00e8re retrouve sa fille. La vie les a depuis longtemps s\u00e9par\u00e9es. Enfant battue, femmes battues, couleurs de peau, m\u00e9tissage&#8230;<\/div>\n<p data-canvas-width=\"211.76706575963723\">On peut penser ici \u00e0 Marguerite Duras et au <em>Barrage contre le Pacifique<\/em>. Et, comme dans ses pr\u00e9c\u00e9dents textes, l\u2019\u00e9criture fluide de Yasmine Modestine fait merveille.<\/p>\n<h4 data-canvas-width=\"545.5980846560843\">Personnages<\/h4>\n<p data-canvas-width=\"545.5980846560843\">Blanche, \u00c9lizabeth, Suzanne Revery, Anne, le joueur de fl\u00fbte, Suzanne Joly, Suzanne H\u00e9lo\u00efse, une jeune femme.<\/p>\n<p data-canvas-width=\"545.5980846560843\">\n<div data-canvas-width=\"545.5980846560843\">\n<div style=\"text-align: left;\" data-canvas-width=\"98.81429176114891\"><strong>Editions Le Solitaire, Tarbes, d\u00e9cembre 2011<\/strong><\/div>\n<div style=\"text-align: left;\" data-canvas-width=\"98.81429176114891\">Commandez la chez l\u2019\u00e9diteur <a href=\"http:\/\/www.ed-lesolitaire.com\/0295-panier.htm\" target=\"_blank\">en cliquant ici.<\/a><\/div>\n<\/div>\n","protected":false},"excerpt":{"rendered":"<p>le chinois vert \u00e0 pattes jaunes &nbsp; Blanche. C\u2019est l\u2019hiver \u00e0 \u00c9tretat. Du haut des falaises, je me regarde Tomb\u00e9e. Tout en bas, je me vois, \u00e9cras\u00e9e. Je compte les secondes qui me s\u00e9parent du sol. Je rewind. Debout. Sur la falaise. &nbsp; Blanche retrouve sa m\u00e8re. Une m\u00e8re retrouve sa fille. La vie les [&hellip;]<\/p>\n","protected":false},"author":1,"featured_media":0,"parent":60,"menu_order":3,"comment_status":"closed","ping_status":"closed","template":"","meta":[],"yoast_head":"<!-- This site is optimized with the Yoast SEO plugin v19.6 - https:\/\/yoast.com\/wordpress\/plugins\/seo\/ -->\r\n<title>Le Chinois vert \u00e0 pattes jaunes (th\u00e9\u00e2tre) - Yasmine Modestine<\/title>\r\n<meta name=\"description\" content=\"Le Chinois vert \u00e0 pattes jaunes : une pi\u00e8ce de Yasmine Modestine, publi\u00e9e aux Editions Le Solitaire (Tarbes), collection Jeune Th\u00e9\u00e2tre.\" \/>\r\n<meta name=\"robots\" content=\"index, follow, max-snippet:-1, max-image-preview:large, max-video-preview:-1\" \/>\r\n<link rel=\"canonical\" href=\"http:\/\/www.yasminemodestine.com\/?page_id=94\" \/>\r\n<meta property=\"og:locale\" content=\"fr_FR\" \/>\r\n<meta property=\"og:type\" content=\"article\" \/>\r\n<meta property=\"og:title\" content=\"Le Chinois vert \u00e0 pattes jaunes (th\u00e9\u00e2tre) - Yasmine Modestine\" \/>\r\n<meta property=\"og:description\" content=\"Le Chinois vert \u00e0 pattes jaunes : une pi\u00e8ce de Yasmine Modestine, publi\u00e9e aux Editions Le Solitaire (Tarbes), collection Jeune Th\u00e9\u00e2tre.\" \/>\r\n<meta property=\"og:url\" content=\"http:\/\/www.yasminemodestine.com\/?page_id=94\" \/>\r\n<meta property=\"og:site_name\" content=\"Yasmine Modestine\" \/>\r\n<meta property=\"article:publisher\" content=\"http:\/\/www.facebook.com\/yasminemodestinepage\" \/>\r\n<meta property=\"article:modified_time\" content=\"2017-01-24T12:53:00+00:00\" \/>\r\n<meta property=\"og:image\" content=\"http:\/\/www.yasminemodestine.com\/wp-content\/uploads\/2017\/01\/LeChinoisvertapattesjaunes-couv1-206x300.jpg\" \/>\r\n<meta name=\"twitter:card\" content=\"summary\" \/>\r\n<meta name=\"twitter:site\" content=\"@yasminmodestine\" \/>\r\n<meta name=\"twitter:label1\" content=\"Dur\u00e9e de lecture estim\u00e9e\" \/>\n\t<meta name=\"twitter:data1\" content=\"1 minute\" \/>\r\n<script type=\"application\/ld+json\" class=\"yoast-schema-graph\">{\"@context\":\"https:\/\/schema.org\",\"@graph\":[{\"@type\":\"WebPage\",\"@id\":\"http:\/\/www.yasminemodestine.com\/?page_id=94\",\"url\":\"http:\/\/www.yasminemodestine.com\/?page_id=94\",\"name\":\"Le Chinois vert \u00e0 pattes jaunes (th\u00e9\u00e2tre) - Yasmine Modestine\",\"isPartOf\":{\"@id\":\"http:\/\/www.yasminemodestine.com\/#website\"},\"datePublished\":\"2017-01-07T10:19:45+00:00\",\"dateModified\":\"2017-01-24T12:53:00+00:00\",\"description\":\"Le Chinois vert \u00e0 pattes jaunes : une pi\u00e8ce de Yasmine Modestine, publi\u00e9e aux Editions Le Solitaire (Tarbes), collection Jeune Th\u00e9\u00e2tre.\",\"breadcrumb\":{\"@id\":\"http:\/\/www.yasminemodestine.com\/?page_id=94#breadcrumb\"},\"inLanguage\":\"fr-FR\",\"potentialAction\":[{\"@type\":\"ReadAction\",\"target\":[\"http:\/\/www.yasminemodestine.com\/?page_id=94\"]}]},{\"@type\":\"BreadcrumbList\",\"@id\":\"http:\/\/www.yasminemodestine.com\/?page_id=94#breadcrumb\",\"itemListElement\":[{\"@type\":\"ListItem\",\"position\":1,\"name\":\"Accueil\",\"item\":\"http:\/\/www.yasminemodestine.com\/?page_id=9\"},{\"@type\":\"ListItem\",\"position\":2,\"name\":\"Autrice\",\"item\":\"http:\/\/www.yasminemodestine.com\/?page_id=60\"},{\"@type\":\"ListItem\",\"position\":3,\"name\":\"Le Chinois vert \u00e0 pattes jaunes (th\u00e9\u00e2tre)\"}]},{\"@type\":\"WebSite\",\"@id\":\"http:\/\/www.yasminemodestine.com\/#website\",\"url\":\"http:\/\/www.yasminemodestine.com\/\",\"name\":\"Yasmine Modestine\",\"description\":\"PIANO A TEXTE ET VOIX\",\"potentialAction\":[{\"@type\":\"SearchAction\",\"target\":{\"@type\":\"EntryPoint\",\"urlTemplate\":\"http:\/\/www.yasminemodestine.com\/?s={search_term_string}\"},\"query-input\":\"required name=search_term_string\"}],\"inLanguage\":\"fr-FR\"}]}<\/script>\r\n<!-- \/ Yoast SEO plugin. -->","yoast_head_json":{"title":"Le Chinois vert \u00e0 pattes jaunes (th\u00e9\u00e2tre) - Yasmine Modestine","description":"Le Chinois vert \u00e0 pattes jaunes : une pi\u00e8ce de Yasmine Modestine, publi\u00e9e aux Editions Le Solitaire (Tarbes), collection Jeune Th\u00e9\u00e2tre.","robots":{"index":"index","follow":"follow","max-snippet":"max-snippet:-1","max-image-preview":"max-image-preview:large","max-video-preview":"max-video-preview:-1"},"canonical":"http:\/\/www.yasminemodestine.com\/?page_id=94","og_locale":"fr_FR","og_type":"article","og_title":"Le Chinois vert \u00e0 pattes jaunes (th\u00e9\u00e2tre) - Yasmine Modestine","og_description":"Le Chinois vert \u00e0 pattes jaunes : une pi\u00e8ce de Yasmine Modestine, publi\u00e9e aux Editions Le Solitaire (Tarbes), collection Jeune Th\u00e9\u00e2tre.","og_url":"http:\/\/www.yasminemodestine.com\/?page_id=94","og_site_name":"Yasmine Modestine","article_publisher":"http:\/\/www.facebook.com\/yasminemodestinepage","article_modified_time":"2017-01-24T12:53:00+00:00","og_image":[{"url":"http:\/\/www.yasminemodestine.com\/wp-content\/uploads\/2017\/01\/LeChinoisvertapattesjaunes-couv1-206x300.jpg"}],"twitter_card":"summary","twitter_site":"@yasminmodestine","twitter_misc":{"Dur\u00e9e de lecture estim\u00e9e":"1 minute"},"schema":{"@context":"https:\/\/schema.org","@graph":[{"@type":"WebPage","@id":"http:\/\/www.yasminemodestine.com\/?page_id=94","url":"http:\/\/www.yasminemodestine.com\/?page_id=94","name":"Le Chinois vert \u00e0 pattes jaunes (th\u00e9\u00e2tre) - Yasmine Modestine","isPartOf":{"@id":"http:\/\/www.yasminemodestine.com\/#website"},"datePublished":"2017-01-07T10:19:45+00:00","dateModified":"2017-01-24T12:53:00+00:00","description":"Le Chinois vert \u00e0 pattes jaunes : une pi\u00e8ce de Yasmine Modestine, publi\u00e9e aux Editions Le Solitaire (Tarbes), collection Jeune Th\u00e9\u00e2tre.","breadcrumb":{"@id":"http:\/\/www.yasminemodestine.com\/?page_id=94#breadcrumb"},"inLanguage":"fr-FR","potentialAction":[{"@type":"ReadAction","target":["http:\/\/www.yasminemodestine.com\/?page_id=94"]}]},{"@type":"BreadcrumbList","@id":"http:\/\/www.yasminemodestine.com\/?page_id=94#breadcrumb","itemListElement":[{"@type":"ListItem","position":1,"name":"Accueil","item":"http:\/\/www.yasminemodestine.com\/?page_id=9"},{"@type":"ListItem","position":2,"name":"Autrice","item":"http:\/\/www.yasminemodestine.com\/?page_id=60"},{"@type":"ListItem","position":3,"name":"Le Chinois vert \u00e0 pattes jaunes (th\u00e9\u00e2tre)"}]},{"@type":"WebSite","@id":"http:\/\/www.yasminemodestine.com\/#website","url":"http:\/\/www.yasminemodestine.com\/","name":"Yasmine Modestine","description":"PIANO A TEXTE ET VOIX","potentialAction":[{"@type":"SearchAction","target":{"@type":"EntryPoint","urlTemplate":"http:\/\/www.yasminemodestine.com\/?s={search_term_string}"},"query-input":"required name=search_term_string"}],"inLanguage":"fr-FR"}]}},"_links":{"self":[{"href":"http:\/\/www.yasminemodestine.com\/index.php?rest_route=\/wp\/v2\/pages\/94"}],"collection":[{"href":"http:\/\/www.yasminemodestine.com\/index.php?rest_route=\/wp\/v2\/pages"}],"about":[{"href":"http:\/\/www.yasminemodestine.com\/index.php?rest_route=\/wp\/v2\/types\/page"}],"author":[{"embeddable":true,"href":"http:\/\/www.yasminemodestine.com\/index.php?rest_route=\/wp\/v2\/users\/1"}],"replies":[{"embeddable":true,"href":"http:\/\/www.yasminemodestine.com\/index.php?rest_route=%2Fwp%2Fv2%2Fcomments&post=94"}],"version-history":[{"count":12,"href":"http:\/\/www.yasminemodestine.com\/index.php?rest_route=\/wp\/v2\/pages\/94\/revisions"}],"predecessor-version":[{"id":556,"href":"http:\/\/www.yasminemodestine.com\/index.php?rest_route=\/wp\/v2\/pages\/94\/revisions\/556"}],"up":[{"embeddable":true,"href":"http:\/\/www.yasminemodestine.com\/index.php?rest_route=\/wp\/v2\/pages\/60"}],"wp:attachment":[{"href":"http:\/\/www.yasminemodestine.com\/index.php?rest_route=%2Fwp%2Fv2%2Fmedia&parent=94"}],"curies":[{"name":"wp","href":"https:\/\/api.w.org\/{rel}","templated":true}]}}