{"id":85,"date":"2017-01-07T01:11:32","date_gmt":"2017-01-07T00:11:32","guid":{"rendered":"http:\/\/www.yasminemodestine.com\/?page_id=85"},"modified":"2017-01-24T13:49:52","modified_gmt":"2017-01-24T12:49:52","slug":"le-prince-charmant-theatre","status":"publish","type":"page","link":"http:\/\/www.yasminemodestine.com\/?page_id=85","title":{"rendered":"Le prince charmant (th\u00e9\u00e2tre)"},"content":{"rendered":"<div data-canvas-width=\"137.9988238851096\"><img loading=\"lazy\" class=\"size-medium wp-image-231 alignleft\" src=\"http:\/\/www.yasminemodestine.com\/wp-content\/uploads\/2017\/01\/LePrinceCharmant-couv1-203x300.jpg\" alt=\"Couverture Le Prince Charmant\" width=\"203\" height=\"300\" srcset=\"http:\/\/www.yasminemodestine.com\/wp-content\/uploads\/2017\/01\/LePrinceCharmant-couv1-203x300.jpg 203w, http:\/\/www.yasminemodestine.com\/wp-content\/uploads\/2017\/01\/LePrinceCharmant-couv1-768x1135.jpg 768w, http:\/\/www.yasminemodestine.com\/wp-content\/uploads\/2017\/01\/LePrinceCharmant-couv1-693x1024.jpg 693w, http:\/\/www.yasminemodestine.com\/wp-content\/uploads\/2017\/01\/LePrinceCharmant-couv1-1200x1773.jpg 1200w, http:\/\/www.yasminemodestine.com\/wp-content\/uploads\/2017\/01\/LePrinceCharmant-couv1.jpg 1620w\" sizes=\"(max-width: 203px) 100vw, 203px\" \/><\/div>\n<h4 data-canvas-width=\"137.9988238851096\">Le prince charmant<\/h4>\n<div data-canvas-width=\"137.9988238851096\">Anne. Pauline. Clarisse. Paul. Thomas.<\/div>\n<div data-canvas-width=\"137.9988238851096\"><\/div>\n<div data-canvas-width=\"170.79906878306878\">Tous \u00e0 mi-chemin de quelque part&#8230; Anne est m\u00e9tisse ; Pauline, homosexuelle, se retrouve seule; Thomas est amoureux d\u2019Anne. Confidences de filles.<\/div>\n<p>&nbsp;<\/p>\n<div data-canvas-width=\"10.732138070042835\">\u00ab Entendre ce qui est sans voix \u00bb (Heidegger). Yasmine Modestine contribue \u00e0 explorer avec finesse et dr\u00f4lerie cet univers f\u00e9minin que Freud nommait parfois \u00able continent noir\u00bb.<\/div>\n<h4 data-canvas-width=\"53.491021919879074\">Personnages<\/h4>\n<div data-canvas-width=\"53.491021919879074\">Anne, Pauline, Clarisse, Paul, Fran\u00e7ois.<\/div>\n<p>&nbsp;<\/p>\n<div style=\"text-align: left;\" data-canvas-width=\"98.81429176114891\"><strong>Editions Le Solitaire, Tarbes, d\u00e9cembre 2011<\/strong><\/div>\n<div style=\"text-align: left;\" data-canvas-width=\"98.81429176114891\"><\/div>\n<div style=\"text-align: left;\" data-canvas-width=\"98.81429176114891\">Commandez la chez l\u2019\u00e9diteur <a href=\"http:\/\/www.ed-lesolitaire.com\/0288-panier.htm\">en cliquant ici.<\/a><\/div>\n","protected":false},"excerpt":{"rendered":"<p>Le prince charmant Anne. Pauline. Clarisse. Paul. Thomas. Tous \u00e0 mi-chemin de quelque part&#8230; Anne est m\u00e9tisse ; Pauline, homosexuelle, se retrouve seule; Thomas est amoureux d\u2019Anne. Confidences de filles. &nbsp; \u00ab Entendre ce qui est sans voix \u00bb (Heidegger). Yasmine Modestine contribue \u00e0 explorer avec finesse et dr\u00f4lerie cet univers f\u00e9minin que Freud nommait [&hellip;]<\/p>\n","protected":false},"author":1,"featured_media":0,"parent":60,"menu_order":2,"comment_status":"closed","ping_status":"closed","template":"","meta":[],"yoast_head":"<!-- This site is optimized with the Yoast SEO plugin v19.6 - https:\/\/yoast.com\/wordpress\/plugins\/seo\/ -->\r\n<title>Le prince charmant (th\u00e9\u00e2tre) - Yasmine Modestine<\/title>\r\n<meta name=\"description\" content=\"Le Prince charmant : une pi\u00e8ce de Yasmine Modestine, publi\u00e9e aux Editions Le Solitaire (Tarbes), collection Jeune Th\u00e9\u00e2tre.\" \/>\r\n<meta name=\"robots\" content=\"index, follow, max-snippet:-1, max-image-preview:large, max-video-preview:-1\" \/>\r\n<link rel=\"canonical\" href=\"http:\/\/www.yasminemodestine.com\/?page_id=85\" \/>\r\n<meta property=\"og:locale\" content=\"fr_FR\" \/>\r\n<meta property=\"og:type\" content=\"article\" \/>\r\n<meta property=\"og:title\" content=\"Yasmine Modestine - Le prince charmant\" \/>\r\n<meta property=\"og:description\" content=\"Une pi\u00e8ce de Yasmine Modestine, publi\u00e9e aux Editions Le Solitaire (Tarbes), collection Jeune Th\u00e9\u00e2tre.\" \/>\r\n<meta property=\"og:url\" content=\"http:\/\/www.yasminemodestine.com\/?page_id=85\" \/>\r\n<meta property=\"og:site_name\" content=\"Yasmine Modestine\" \/>\r\n<meta property=\"article:publisher\" content=\"http:\/\/www.facebook.com\/yasminemodestinepage\" \/>\r\n<meta property=\"article:modified_time\" content=\"2017-01-24T12:49:52+00:00\" \/>\r\n<meta property=\"og:image\" content=\"http:\/\/www.yasminemodestine.com\/wp-content\/uploads\/2017\/01\/LePrinceCharmant-couv1-203x300.jpg\" \/>\r\n<meta name=\"twitter:card\" content=\"summary\" \/>\r\n<meta name=\"twitter:title\" content=\"Yasmine Modestine - Le prince charmant\" \/>\r\n<meta name=\"twitter:description\" content=\"Une pi\u00e8ce de Yasmine Modestine, publi\u00e9e aux Editions Le Solitaire (Tarbes), collection Jeune Th\u00e9\u00e2tre.\" \/>\r\n<meta name=\"twitter:site\" content=\"@yasminmodestine\" \/>\r\n<script type=\"application\/ld+json\" class=\"yoast-schema-graph\">{\"@context\":\"https:\/\/schema.org\",\"@graph\":[{\"@type\":\"WebPage\",\"@id\":\"http:\/\/www.yasminemodestine.com\/?page_id=85\",\"url\":\"http:\/\/www.yasminemodestine.com\/?page_id=85\",\"name\":\"Le prince charmant (th\u00e9\u00e2tre) - Yasmine Modestine\",\"isPartOf\":{\"@id\":\"http:\/\/www.yasminemodestine.com\/#website\"},\"datePublished\":\"2017-01-07T00:11:32+00:00\",\"dateModified\":\"2017-01-24T12:49:52+00:00\",\"description\":\"Le Prince charmant : une pi\u00e8ce de Yasmine Modestine, publi\u00e9e aux Editions Le Solitaire (Tarbes), collection Jeune Th\u00e9\u00e2tre.\",\"breadcrumb\":{\"@id\":\"http:\/\/www.yasminemodestine.com\/?page_id=85#breadcrumb\"},\"inLanguage\":\"fr-FR\",\"potentialAction\":[{\"@type\":\"ReadAction\",\"target\":[\"http:\/\/www.yasminemodestine.com\/?page_id=85\"]}]},{\"@type\":\"BreadcrumbList\",\"@id\":\"http:\/\/www.yasminemodestine.com\/?page_id=85#breadcrumb\",\"itemListElement\":[{\"@type\":\"ListItem\",\"position\":1,\"name\":\"Accueil\",\"item\":\"http:\/\/www.yasminemodestine.com\/?page_id=9\"},{\"@type\":\"ListItem\",\"position\":2,\"name\":\"Autrice\",\"item\":\"http:\/\/www.yasminemodestine.com\/?page_id=60\"},{\"@type\":\"ListItem\",\"position\":3,\"name\":\"Le prince charmant (th\u00e9\u00e2tre)\"}]},{\"@type\":\"WebSite\",\"@id\":\"http:\/\/www.yasminemodestine.com\/#website\",\"url\":\"http:\/\/www.yasminemodestine.com\/\",\"name\":\"Yasmine Modestine\",\"description\":\"PIANO A TEXTE ET VOIX\",\"potentialAction\":[{\"@type\":\"SearchAction\",\"target\":{\"@type\":\"EntryPoint\",\"urlTemplate\":\"http:\/\/www.yasminemodestine.com\/?s={search_term_string}\"},\"query-input\":\"required name=search_term_string\"}],\"inLanguage\":\"fr-FR\"}]}<\/script>\r\n<!-- \/ Yoast SEO plugin. -->","yoast_head_json":{"title":"Le prince charmant (th\u00e9\u00e2tre) - Yasmine Modestine","description":"Le Prince charmant : une pi\u00e8ce de Yasmine Modestine, publi\u00e9e aux Editions Le Solitaire (Tarbes), collection Jeune Th\u00e9\u00e2tre.","robots":{"index":"index","follow":"follow","max-snippet":"max-snippet:-1","max-image-preview":"max-image-preview:large","max-video-preview":"max-video-preview:-1"},"canonical":"http:\/\/www.yasminemodestine.com\/?page_id=85","og_locale":"fr_FR","og_type":"article","og_title":"Yasmine Modestine - Le prince charmant","og_description":"Une pi\u00e8ce de Yasmine Modestine, publi\u00e9e aux Editions Le Solitaire (Tarbes), collection Jeune Th\u00e9\u00e2tre.","og_url":"http:\/\/www.yasminemodestine.com\/?page_id=85","og_site_name":"Yasmine Modestine","article_publisher":"http:\/\/www.facebook.com\/yasminemodestinepage","article_modified_time":"2017-01-24T12:49:52+00:00","og_image":[{"url":"http:\/\/www.yasminemodestine.com\/wp-content\/uploads\/2017\/01\/LePrinceCharmant-couv1-203x300.jpg"}],"twitter_card":"summary","twitter_title":"Yasmine Modestine - Le prince charmant","twitter_description":"Une pi\u00e8ce de Yasmine Modestine, publi\u00e9e aux Editions Le Solitaire (Tarbes), collection Jeune Th\u00e9\u00e2tre.","twitter_site":"@yasminmodestine","schema":{"@context":"https:\/\/schema.org","@graph":[{"@type":"WebPage","@id":"http:\/\/www.yasminemodestine.com\/?page_id=85","url":"http:\/\/www.yasminemodestine.com\/?page_id=85","name":"Le prince charmant (th\u00e9\u00e2tre) - Yasmine Modestine","isPartOf":{"@id":"http:\/\/www.yasminemodestine.com\/#website"},"datePublished":"2017-01-07T00:11:32+00:00","dateModified":"2017-01-24T12:49:52+00:00","description":"Le Prince charmant : une pi\u00e8ce de Yasmine Modestine, publi\u00e9e aux Editions Le Solitaire (Tarbes), collection Jeune Th\u00e9\u00e2tre.","breadcrumb":{"@id":"http:\/\/www.yasminemodestine.com\/?page_id=85#breadcrumb"},"inLanguage":"fr-FR","potentialAction":[{"@type":"ReadAction","target":["http:\/\/www.yasminemodestine.com\/?page_id=85"]}]},{"@type":"BreadcrumbList","@id":"http:\/\/www.yasminemodestine.com\/?page_id=85#breadcrumb","itemListElement":[{"@type":"ListItem","position":1,"name":"Accueil","item":"http:\/\/www.yasminemodestine.com\/?page_id=9"},{"@type":"ListItem","position":2,"name":"Autrice","item":"http:\/\/www.yasminemodestine.com\/?page_id=60"},{"@type":"ListItem","position":3,"name":"Le prince charmant (th\u00e9\u00e2tre)"}]},{"@type":"WebSite","@id":"http:\/\/www.yasminemodestine.com\/#website","url":"http:\/\/www.yasminemodestine.com\/","name":"Yasmine Modestine","description":"PIANO A TEXTE ET VOIX","potentialAction":[{"@type":"SearchAction","target":{"@type":"EntryPoint","urlTemplate":"http:\/\/www.yasminemodestine.com\/?s={search_term_string}"},"query-input":"required name=search_term_string"}],"inLanguage":"fr-FR"}]}},"_links":{"self":[{"href":"http:\/\/www.yasminemodestine.com\/index.php?rest_route=\/wp\/v2\/pages\/85"}],"collection":[{"href":"http:\/\/www.yasminemodestine.com\/index.php?rest_route=\/wp\/v2\/pages"}],"about":[{"href":"http:\/\/www.yasminemodestine.com\/index.php?rest_route=\/wp\/v2\/types\/page"}],"author":[{"embeddable":true,"href":"http:\/\/www.yasminemodestine.com\/index.php?rest_route=\/wp\/v2\/users\/1"}],"replies":[{"embeddable":true,"href":"http:\/\/www.yasminemodestine.com\/index.php?rest_route=%2Fwp%2Fv2%2Fcomments&post=85"}],"version-history":[{"count":13,"href":"http:\/\/www.yasminemodestine.com\/index.php?rest_route=\/wp\/v2\/pages\/85\/revisions"}],"predecessor-version":[{"id":339,"href":"http:\/\/www.yasminemodestine.com\/index.php?rest_route=\/wp\/v2\/pages\/85\/revisions\/339"}],"up":[{"embeddable":true,"href":"http:\/\/www.yasminemodestine.com\/index.php?rest_route=\/wp\/v2\/pages\/60"}],"wp:attachment":[{"href":"http:\/\/www.yasminemodestine.com\/index.php?rest_route=%2Fwp%2Fv2%2Fmedia&parent=85"}],"curies":[{"name":"wp","href":"https:\/\/api.w.org\/{rel}","templated":true}]}}