{"id":612,"date":"2024-11-19T19:36:53","date_gmt":"2024-11-19T18:36:53","guid":{"rendered":"http:\/\/www.yasminemodestine.com\/?page_id=612"},"modified":"2024-12-02T13:24:59","modified_gmt":"2024-12-02T12:24:59","slug":"couleur-bleu-jasmin","status":"publish","type":"page","link":"http:\/\/www.yasminemodestine.com\/?page_id=612","title":{"rendered":"Couleur Bleu Jasmin"},"content":{"rendered":"\n<p>Fond\u00e9e en 2004, Couleur Bleu Jasmin (association loi 1901) a pour but la cr\u00e9ation, la diffusion, la r\u00e9alisation de spectacles musicaux, dramatiques, la r\u00e9alisation sur supports sonores ou (et) cin\u00e9matographiques ou audiovisuels, la formation et la recherche dans le domaine des arts de la sc\u00e8ne, de la musique et du cin\u00e9ma.<\/p>\n\n\n\n<p>Depuis sa cr\u00e9ation, Couleur Bleu Jasmin&nbsp;<\/p>\n\n\n\n<ul><li>a cr\u00e9e et diffus\u00e9 de nombreux concerts de Yasmine Modestine <\/li><\/ul>\n\n\n\n<ul><li>a r\u00e9alis\u00e9&nbsp;plusieurs clips vid\u00e9o  et deux courts-m\u00e9trages (<em>Temps d\u2019amour, 2012<\/em> et <em>En Morceaux, 2013<\/em>)&nbsp;<\/li><\/ul>\n\n\n\n<ul><li>a permis les lectures de pi\u00e8ces de th\u00e9\u00e2tre \u00e9crites par Yasmine Modestine&nbsp;<em>Le Prince Charmant <\/em>(Le Solitaire, 2011) au Th\u00e9\u00e2tre de la Temp\u00eate et au Th\u00e9\u00e2tre 13, \u00e0 la SACD&nbsp;<br><em>Au-dessus de la cime des arbres<\/em> au Th\u00e9\u00e2tre de la Reine Blanche en 2022, au Th\u00e9\u00e2tre du Rond-Point en 2023 et au Th\u00e9\u00e2tre de l\u2019Od\u00e9on en 2023.&nbsp;<\/li><\/ul>\n\n\n\n<ul><li>a produit deux albums de musique,&nbsp;<br><em>A-live!, 2009 <\/em><br><em>Out of the Blue, 2010<\/em><\/li><\/ul>\n\n\n\n<ul><li>a re\u00e7u le fonds de professionnalisation d\u2019Audiens.<\/li><\/ul>\n\n\n\n<p>Parall\u00e8lement, Couleur Bleu Jasmin a men\u00e9 des ateliers de th\u00e9\u00e2tre et de musique en milieu scolaire aupr\u00e8s de professeurs de fran\u00e7ais et d\u2019anglais&nbsp;<\/p>\n\n\n\n<ul><li>aux Coll\u00e8ge Couperin (Paris), Coll\u00e8ge Raymond Queneau (Paris), au coll\u00e8ge Jean Rostand (Mantes-la-jolie), au coll\u00e8ge Les N\u00e9nuphars (Br\u00e9val) avec des classes de 6e, 5e, 4e, 3e et des classes UP2A&nbsp;<\/li><\/ul>\n\n\n\n<ul><li>en milieu \u00e9tudiant \u00e0 l\u2019Institut des Infirmiers (Flers), \u00e0 l\u2019\u00e9cole d\u2019ing\u00e9nieur ESIEA (Laval).<\/li><\/ul>\n","protected":false},"excerpt":{"rendered":"<p>Fond\u00e9e en 2004, Couleur Bleu Jasmin (association loi 1901) a pour but la cr\u00e9ation, la diffusion, la r\u00e9alisation de spectacles musicaux, dramatiques, la r\u00e9alisation sur supports sonores ou (et) cin\u00e9matographiques ou audiovisuels, la formation et la recherche dans le domaine des arts de la sc\u00e8ne, de la musique et du cin\u00e9ma. Depuis sa cr\u00e9ation, Couleur [&hellip;]<\/p>\n","protected":false},"author":1,"featured_media":0,"parent":0,"menu_order":0,"comment_status":"closed","ping_status":"closed","template":"","meta":[],"yoast_head":"<!-- This site is optimized with the Yoast SEO plugin v19.6 - https:\/\/yoast.com\/wordpress\/plugins\/seo\/ -->\r\n<title>Couleur Bleu Jasmin - Yasmine Modestine<\/title>\r\n<meta name=\"robots\" content=\"index, follow, max-snippet:-1, max-image-preview:large, max-video-preview:-1\" \/>\r\n<link rel=\"canonical\" href=\"http:\/\/www.yasminemodestine.com\/?page_id=612\" \/>\r\n<meta property=\"og:locale\" content=\"fr_FR\" \/>\r\n<meta property=\"og:type\" content=\"article\" \/>\r\n<meta property=\"og:title\" content=\"Couleur Bleu Jasmin - Yasmine Modestine\" \/>\r\n<meta property=\"og:description\" content=\"Fond\u00e9e en 2004, Couleur Bleu Jasmin (association loi 1901) a pour but la cr\u00e9ation, la diffusion, la r\u00e9alisation de spectacles musicaux, dramatiques, la r\u00e9alisation sur supports sonores ou (et) cin\u00e9matographiques ou audiovisuels, la formation et la recherche dans le domaine des arts de la sc\u00e8ne, de la musique et du cin\u00e9ma. Depuis sa cr\u00e9ation, Couleur [&hellip;]\" \/>\r\n<meta property=\"og:url\" content=\"http:\/\/www.yasminemodestine.com\/?page_id=612\" \/>\r\n<meta property=\"og:site_name\" content=\"Yasmine Modestine\" \/>\r\n<meta property=\"article:publisher\" content=\"http:\/\/www.facebook.com\/yasminemodestinepage\" \/>\r\n<meta property=\"article:modified_time\" content=\"2024-12-02T12:24:59+00:00\" \/>\r\n<meta name=\"twitter:card\" content=\"summary\" \/>\r\n<meta name=\"twitter:site\" content=\"@yasminmodestine\" \/>\r\n<meta name=\"twitter:label1\" content=\"Dur\u00e9e de lecture estim\u00e9e\" \/>\n\t<meta name=\"twitter:data1\" content=\"2 minutes\" \/>\r\n<script type=\"application\/ld+json\" class=\"yoast-schema-graph\">{\"@context\":\"https:\/\/schema.org\",\"@graph\":[{\"@type\":\"WebPage\",\"@id\":\"http:\/\/www.yasminemodestine.com\/?page_id=612\",\"url\":\"http:\/\/www.yasminemodestine.com\/?page_id=612\",\"name\":\"Couleur Bleu Jasmin - Yasmine Modestine\",\"isPartOf\":{\"@id\":\"http:\/\/www.yasminemodestine.com\/#website\"},\"datePublished\":\"2024-11-19T18:36:53+00:00\",\"dateModified\":\"2024-12-02T12:24:59+00:00\",\"breadcrumb\":{\"@id\":\"http:\/\/www.yasminemodestine.com\/?page_id=612#breadcrumb\"},\"inLanguage\":\"fr-FR\",\"potentialAction\":[{\"@type\":\"ReadAction\",\"target\":[\"http:\/\/www.yasminemodestine.com\/?page_id=612\"]}]},{\"@type\":\"BreadcrumbList\",\"@id\":\"http:\/\/www.yasminemodestine.com\/?page_id=612#breadcrumb\",\"itemListElement\":[{\"@type\":\"ListItem\",\"position\":1,\"name\":\"Accueil\",\"item\":\"http:\/\/www.yasminemodestine.com\/?page_id=9\"},{\"@type\":\"ListItem\",\"position\":2,\"name\":\"Couleur Bleu Jasmin\"}]},{\"@type\":\"WebSite\",\"@id\":\"http:\/\/www.yasminemodestine.com\/#website\",\"url\":\"http:\/\/www.yasminemodestine.com\/\",\"name\":\"Yasmine Modestine\",\"description\":\"PIANO A TEXTE ET VOIX\",\"potentialAction\":[{\"@type\":\"SearchAction\",\"target\":{\"@type\":\"EntryPoint\",\"urlTemplate\":\"http:\/\/www.yasminemodestine.com\/?s={search_term_string}\"},\"query-input\":\"required name=search_term_string\"}],\"inLanguage\":\"fr-FR\"}]}<\/script>\r\n<!-- \/ Yoast SEO plugin. -->","yoast_head_json":{"title":"Couleur Bleu Jasmin - Yasmine Modestine","robots":{"index":"index","follow":"follow","max-snippet":"max-snippet:-1","max-image-preview":"max-image-preview:large","max-video-preview":"max-video-preview:-1"},"canonical":"http:\/\/www.yasminemodestine.com\/?page_id=612","og_locale":"fr_FR","og_type":"article","og_title":"Couleur Bleu Jasmin - Yasmine Modestine","og_description":"Fond\u00e9e en 2004, Couleur Bleu Jasmin (association loi 1901) a pour but la cr\u00e9ation, la diffusion, la r\u00e9alisation de spectacles musicaux, dramatiques, la r\u00e9alisation sur supports sonores ou (et) cin\u00e9matographiques ou audiovisuels, la formation et la recherche dans le domaine des arts de la sc\u00e8ne, de la musique et du cin\u00e9ma. Depuis sa cr\u00e9ation, Couleur [&hellip;]","og_url":"http:\/\/www.yasminemodestine.com\/?page_id=612","og_site_name":"Yasmine Modestine","article_publisher":"http:\/\/www.facebook.com\/yasminemodestinepage","article_modified_time":"2024-12-02T12:24:59+00:00","twitter_card":"summary","twitter_site":"@yasminmodestine","twitter_misc":{"Dur\u00e9e de lecture estim\u00e9e":"2 minutes"},"schema":{"@context":"https:\/\/schema.org","@graph":[{"@type":"WebPage","@id":"http:\/\/www.yasminemodestine.com\/?page_id=612","url":"http:\/\/www.yasminemodestine.com\/?page_id=612","name":"Couleur Bleu Jasmin - Yasmine Modestine","isPartOf":{"@id":"http:\/\/www.yasminemodestine.com\/#website"},"datePublished":"2024-11-19T18:36:53+00:00","dateModified":"2024-12-02T12:24:59+00:00","breadcrumb":{"@id":"http:\/\/www.yasminemodestine.com\/?page_id=612#breadcrumb"},"inLanguage":"fr-FR","potentialAction":[{"@type":"ReadAction","target":["http:\/\/www.yasminemodestine.com\/?page_id=612"]}]},{"@type":"BreadcrumbList","@id":"http:\/\/www.yasminemodestine.com\/?page_id=612#breadcrumb","itemListElement":[{"@type":"ListItem","position":1,"name":"Accueil","item":"http:\/\/www.yasminemodestine.com\/?page_id=9"},{"@type":"ListItem","position":2,"name":"Couleur Bleu Jasmin"}]},{"@type":"WebSite","@id":"http:\/\/www.yasminemodestine.com\/#website","url":"http:\/\/www.yasminemodestine.com\/","name":"Yasmine Modestine","description":"PIANO A TEXTE ET VOIX","potentialAction":[{"@type":"SearchAction","target":{"@type":"EntryPoint","urlTemplate":"http:\/\/www.yasminemodestine.com\/?s={search_term_string}"},"query-input":"required name=search_term_string"}],"inLanguage":"fr-FR"}]}},"_links":{"self":[{"href":"http:\/\/www.yasminemodestine.com\/index.php?rest_route=\/wp\/v2\/pages\/612"}],"collection":[{"href":"http:\/\/www.yasminemodestine.com\/index.php?rest_route=\/wp\/v2\/pages"}],"about":[{"href":"http:\/\/www.yasminemodestine.com\/index.php?rest_route=\/wp\/v2\/types\/page"}],"author":[{"embeddable":true,"href":"http:\/\/www.yasminemodestine.com\/index.php?rest_route=\/wp\/v2\/users\/1"}],"replies":[{"embeddable":true,"href":"http:\/\/www.yasminemodestine.com\/index.php?rest_route=%2Fwp%2Fv2%2Fcomments&post=612"}],"version-history":[{"count":9,"href":"http:\/\/www.yasminemodestine.com\/index.php?rest_route=\/wp\/v2\/pages\/612\/revisions"}],"predecessor-version":[{"id":630,"href":"http:\/\/www.yasminemodestine.com\/index.php?rest_route=\/wp\/v2\/pages\/612\/revisions\/630"}],"wp:attachment":[{"href":"http:\/\/www.yasminemodestine.com\/index.php?rest_route=%2Fwp%2Fv2%2Fmedia&parent=612"}],"curies":[{"name":"wp","href":"https:\/\/api.w.org\/{rel}","templated":true}]}}