{"id":60,"date":"2017-01-07T00:49:20","date_gmt":"2017-01-06T23:49:20","guid":{"rendered":"http:\/\/www.yasminemodestine.com\/?page_id=60"},"modified":"2024-10-06T20:57:38","modified_gmt":"2024-10-06T18:57:38","slug":"autri","status":"publish","type":"page","link":"http:\/\/www.yasminemodestine.com\/?page_id=60","title":{"rendered":"Autrice"},"content":{"rendered":"<h4><\/h4>\n<h4>PIECES DE THEATRE<\/h4>\n<p><a href=\"http:\/\/www.ed-lesolitaire.com\/a1-modestine.pdf\" target=\"_blank\" rel=\"noopener\">Le Prince charmant<\/a>, sa premi\u00e8re pi\u00e8ce, a \u00e9t\u00e9 lue au Th\u00e9\u00e2tre de la Temp\u00eate, \u00e0 la SACD et au Th\u00e9\u00e2tre 13. <a href=\"http:\/\/www.ed-lesolitaire.com\/a1-modestine.pdf\" target=\"_blank\" rel=\"noopener\">Mademoiselle<\/a>, sa deuxi\u00e8me pi\u00e8ce, a \u00e9t\u00e9 retenue par le bureau des lectures de la Com\u00e9die Fran\u00e7aise. En 2014, <em>Mademoiselle<\/em> a donn\u00e9 lieu \u00e0 deux lectures publiques \u00e0 Paris par la Compagnie Des Mots et des Actes. <a href=\"http:\/\/www.ed-lesolitaire.com\/a1-modestine.pdf\" target=\"_blank\" rel=\"noopener\">Mademoiselle<\/a>, <a href=\"http:\/\/www.ed-lesolitaire.com\/a1-modestine.pdf\" target=\"_blank\" rel=\"noopener\">Le Prince charmant<\/a>, <a href=\"http:\/\/www.ed-lesolitaire.com\/a1-modestine.pdf\" target=\"_blank\" rel=\"noopener\">Le Chinois vert \u00e0 pattes jaunes<\/a> et <a href=\"http:\/\/www.ed-lesolitaire.com\/a1-modestine.pdf\" target=\"_blank\" rel=\"noopener\">Uma\u00ebl et moi<\/a> ont \u00e9t\u00e9 publi\u00e9es par les Editions Le Solitaire. En 2022, sa pi\u00e8ce <a href=\"https:\/\/www.theatredurondpoint.fr\/spectacle\/-au-dessus-de-la-cime-des-arbres\/\">Au-dessus de la cime des arbres<\/a> a \u00e9t\u00e9 lue au Th\u00e9\u00e2tre du Rond-Point. Juillet 2024, sa pi\u00e8ce <a href=\"https:\/\/www.verbeincarne.fr\/programmation\/lorigine-du-cafe\/\">L&rsquo;Origine du caf\u00e9<\/a> \u00e0 \u00e9t\u00e9 lue au festival d&rsquo;Avignon, lecture produite par Etc_Cara\u00efbe.<\/p>\n<h4>RESIDENCES<\/h4>\n<p>En 2019, elle est en r\u00e9sidence au <a href=\"https:\/\/chartreuse.org\/site\/au-5e\">Centre National des Ecritures Contemporaine- Chartreuse de Villeneuve les Avignon<\/a>. \u00a0 \u00a0 \u00a0 \u00a0 \u00a0 \u00a0 \u00a0 \u00a0 \u00a0 \u00a0 \u00a0 \u00a0 \u00a0 \u00a0 \u00a0 \u00a0 \u00a0 \u00a0 \u00a0 \u00a0 En 2022, la Ville de Paris lui attribue une r\u00e9sidence \u00e0 Madrid.<br \/>\nEn 2023, elle est de nouveau en r\u00e9sidence au <a href=\"https:\/\/www.chartreuse.org\/site\/en\/node\/2288\">Centre National des Ecritures Contemporaine- Chartreuse de Villeneuve les Avignon.<\/a><br \/>\nA l&rsquo;automne 2024, elle est en r\u00e9sidence d&rsquo;\u00e9criture en Martinique avec Etc_Cara\u00efbe.<\/p>\n<h4>ESSAIs<\/h4>\n<p>En 2006, Yasmine a produit l&rsquo;\u00e9mission <em>M\u00e9tis, nous sommes des 200 %, deux sangs pour sang<\/em>, pour Surpris par la nuit d&rsquo;Alain Veinstein sur France Culture, et en 2015, toujours sur le th\u00e8me du m\u00e9tissage, elle publie <a href=\"https:\/\/maxmilo.com\/products\/quel-dommage-que-tu-ne-sois-pas-plus-noire?_pos=1&amp;_sid=3765645cc&amp;_ss=r\" target=\"_blank\" rel=\"noopener\">Quel dommage que tu ne sois pas plus noire<\/a>, aux Editions Max Milo.<\/p>\n<p>En 2020, elle publie <a href=\"https:\/\/www.editions-harmattan.fr\/livre-noires_mais_blanches_blanches_mais_noires_les_figures_feminines_noires_ou_metisses_au_theatre_de_cleopatre_a_ourika_yasmine_modestine-9782343197319-66061.html\">Noires mais blanches, blanches mais noires : les figures f\u00e9minines noires ou m\u00e9tisses de Cl\u00e9opatre \u00e0 Ourika, <\/a>aux Editions L&rsquo;Harmattan.<\/p>\n<h4>ROMAN<\/h4>\n<p>En 2024, sort <a href=\"https:\/\/triartis.fr\/livre-148-Et_John_Lennon_est_mort.html\">Et John Lennon est mort<\/a>, publi\u00e9 chez les Editions TriArtis.<\/p>\n","protected":false},"excerpt":{"rendered":"<p>PIECES DE THEATRE Le Prince charmant, sa premi\u00e8re pi\u00e8ce, a \u00e9t\u00e9 lue au Th\u00e9\u00e2tre de la Temp\u00eate, \u00e0 la SACD et au Th\u00e9\u00e2tre 13. Mademoiselle, sa deuxi\u00e8me pi\u00e8ce, a \u00e9t\u00e9 retenue par le bureau des lectures de la Com\u00e9die Fran\u00e7aise. En 2014, Mademoiselle a donn\u00e9 lieu \u00e0 deux lectures publiques \u00e0 Paris par la Compagnie [&hellip;]<\/p>\n","protected":false},"author":1,"featured_media":0,"parent":0,"menu_order":0,"comment_status":"closed","ping_status":"closed","template":"","meta":[],"yoast_head":"<!-- This site is optimized with the Yoast SEO plugin v19.6 - https:\/\/yoast.com\/wordpress\/plugins\/seo\/ -->\r\n<title>Autrice - Yasmine Modestine<\/title>\r\n<meta name=\"description\" content=\"Yasmine Modestine est autrice de th\u00e9\u00e2tre et d&#039;un t\u00e9moignage \/ essai sur le m\u00e9tissage. Elle contribue aussi au Huffington Post.\" \/>\r\n<meta name=\"robots\" content=\"index, follow, max-snippet:-1, max-image-preview:large, max-video-preview:-1\" \/>\r\n<link rel=\"canonical\" href=\"http:\/\/www.yasminemodestine.com\/?page_id=60\" \/>\r\n<meta property=\"og:locale\" content=\"fr_FR\" \/>\r\n<meta property=\"og:type\" content=\"article\" \/>\r\n<meta property=\"og:title\" content=\"Yasmine Modestine - Auteure\" \/>\r\n<meta property=\"og:description\" content=\"Yasmine Modestine a publi\u00e9 quatre pi\u00e8ces de th\u00e9\u00e2tre, ainsi qu&#039;un t\u00e9moignage \/ essai sur le m\u00e9tissage. Elle contribue aussi au Huffington Post.\" \/>\r\n<meta property=\"og:url\" content=\"http:\/\/www.yasminemodestine.com\/?page_id=60\" \/>\r\n<meta property=\"og:site_name\" content=\"Yasmine Modestine\" \/>\r\n<meta property=\"article:publisher\" content=\"http:\/\/www.facebook.com\/yasminemodestinepage\" \/>\r\n<meta property=\"article:modified_time\" content=\"2024-10-06T18:57:38+00:00\" \/>\r\n<meta name=\"twitter:card\" content=\"summary\" \/>\r\n<meta name=\"twitter:title\" content=\"Yasmine Modestine - auteure\" \/>\r\n<meta name=\"twitter:description\" content=\"Yasmine Modestine a publi\u00e9 quatre pi\u00e8ces de th\u00e9\u00e2tre, ainsi qu&#039;un t\u00e9moignage \/ essai sur le m\u00e9tissage. Elle contribue aussi au Huffington Post.\" \/>\r\n<meta name=\"twitter:site\" content=\"@yasminmodestine\" \/>\r\n<meta name=\"twitter:label1\" content=\"Dur\u00e9e de lecture estim\u00e9e\" \/>\n\t<meta name=\"twitter:data1\" content=\"2 minutes\" \/>\r\n<script type=\"application\/ld+json\" class=\"yoast-schema-graph\">{\"@context\":\"https:\/\/schema.org\",\"@graph\":[{\"@type\":\"WebPage\",\"@id\":\"http:\/\/www.yasminemodestine.com\/?page_id=60\",\"url\":\"http:\/\/www.yasminemodestine.com\/?page_id=60\",\"name\":\"Autrice - Yasmine Modestine\",\"isPartOf\":{\"@id\":\"http:\/\/www.yasminemodestine.com\/#website\"},\"datePublished\":\"2017-01-06T23:49:20+00:00\",\"dateModified\":\"2024-10-06T18:57:38+00:00\",\"description\":\"Yasmine Modestine est autrice de th\u00e9\u00e2tre et d'un t\u00e9moignage \/ essai sur le m\u00e9tissage. Elle contribue aussi au Huffington Post.\",\"breadcrumb\":{\"@id\":\"http:\/\/www.yasminemodestine.com\/?page_id=60#breadcrumb\"},\"inLanguage\":\"fr-FR\",\"potentialAction\":[{\"@type\":\"ReadAction\",\"target\":[\"http:\/\/www.yasminemodestine.com\/?page_id=60\"]}]},{\"@type\":\"BreadcrumbList\",\"@id\":\"http:\/\/www.yasminemodestine.com\/?page_id=60#breadcrumb\",\"itemListElement\":[{\"@type\":\"ListItem\",\"position\":1,\"name\":\"Accueil\",\"item\":\"http:\/\/www.yasminemodestine.com\/?page_id=9\"},{\"@type\":\"ListItem\",\"position\":2,\"name\":\"Autrice\"}]},{\"@type\":\"WebSite\",\"@id\":\"http:\/\/www.yasminemodestine.com\/#website\",\"url\":\"http:\/\/www.yasminemodestine.com\/\",\"name\":\"Yasmine Modestine\",\"description\":\"PIANO A TEXTE ET VOIX\",\"potentialAction\":[{\"@type\":\"SearchAction\",\"target\":{\"@type\":\"EntryPoint\",\"urlTemplate\":\"http:\/\/www.yasminemodestine.com\/?s={search_term_string}\"},\"query-input\":\"required name=search_term_string\"}],\"inLanguage\":\"fr-FR\"}]}<\/script>\r\n<!-- \/ Yoast SEO plugin. -->","yoast_head_json":{"title":"Autrice - Yasmine Modestine","description":"Yasmine Modestine est autrice de th\u00e9\u00e2tre et d'un t\u00e9moignage \/ essai sur le m\u00e9tissage. Elle contribue aussi au Huffington Post.","robots":{"index":"index","follow":"follow","max-snippet":"max-snippet:-1","max-image-preview":"max-image-preview:large","max-video-preview":"max-video-preview:-1"},"canonical":"http:\/\/www.yasminemodestine.com\/?page_id=60","og_locale":"fr_FR","og_type":"article","og_title":"Yasmine Modestine - Auteure","og_description":"Yasmine Modestine a publi\u00e9 quatre pi\u00e8ces de th\u00e9\u00e2tre, ainsi qu'un t\u00e9moignage \/ essai sur le m\u00e9tissage. Elle contribue aussi au Huffington Post.","og_url":"http:\/\/www.yasminemodestine.com\/?page_id=60","og_site_name":"Yasmine Modestine","article_publisher":"http:\/\/www.facebook.com\/yasminemodestinepage","article_modified_time":"2024-10-06T18:57:38+00:00","twitter_card":"summary","twitter_title":"Yasmine Modestine - auteure","twitter_description":"Yasmine Modestine a publi\u00e9 quatre pi\u00e8ces de th\u00e9\u00e2tre, ainsi qu'un t\u00e9moignage \/ essai sur le m\u00e9tissage. Elle contribue aussi au Huffington Post.","twitter_site":"@yasminmodestine","twitter_misc":{"Dur\u00e9e de lecture estim\u00e9e":"2 minutes"},"schema":{"@context":"https:\/\/schema.org","@graph":[{"@type":"WebPage","@id":"http:\/\/www.yasminemodestine.com\/?page_id=60","url":"http:\/\/www.yasminemodestine.com\/?page_id=60","name":"Autrice - Yasmine Modestine","isPartOf":{"@id":"http:\/\/www.yasminemodestine.com\/#website"},"datePublished":"2017-01-06T23:49:20+00:00","dateModified":"2024-10-06T18:57:38+00:00","description":"Yasmine Modestine est autrice de th\u00e9\u00e2tre et d'un t\u00e9moignage \/ essai sur le m\u00e9tissage. Elle contribue aussi au Huffington Post.","breadcrumb":{"@id":"http:\/\/www.yasminemodestine.com\/?page_id=60#breadcrumb"},"inLanguage":"fr-FR","potentialAction":[{"@type":"ReadAction","target":["http:\/\/www.yasminemodestine.com\/?page_id=60"]}]},{"@type":"BreadcrumbList","@id":"http:\/\/www.yasminemodestine.com\/?page_id=60#breadcrumb","itemListElement":[{"@type":"ListItem","position":1,"name":"Accueil","item":"http:\/\/www.yasminemodestine.com\/?page_id=9"},{"@type":"ListItem","position":2,"name":"Autrice"}]},{"@type":"WebSite","@id":"http:\/\/www.yasminemodestine.com\/#website","url":"http:\/\/www.yasminemodestine.com\/","name":"Yasmine Modestine","description":"PIANO A TEXTE ET VOIX","potentialAction":[{"@type":"SearchAction","target":{"@type":"EntryPoint","urlTemplate":"http:\/\/www.yasminemodestine.com\/?s={search_term_string}"},"query-input":"required name=search_term_string"}],"inLanguage":"fr-FR"}]}},"_links":{"self":[{"href":"http:\/\/www.yasminemodestine.com\/index.php?rest_route=\/wp\/v2\/pages\/60"}],"collection":[{"href":"http:\/\/www.yasminemodestine.com\/index.php?rest_route=\/wp\/v2\/pages"}],"about":[{"href":"http:\/\/www.yasminemodestine.com\/index.php?rest_route=\/wp\/v2\/types\/page"}],"author":[{"embeddable":true,"href":"http:\/\/www.yasminemodestine.com\/index.php?rest_route=\/wp\/v2\/users\/1"}],"replies":[{"embeddable":true,"href":"http:\/\/www.yasminemodestine.com\/index.php?rest_route=%2Fwp%2Fv2%2Fcomments&post=60"}],"version-history":[{"count":42,"href":"http:\/\/www.yasminemodestine.com\/index.php?rest_route=\/wp\/v2\/pages\/60\/revisions"}],"predecessor-version":[{"id":588,"href":"http:\/\/www.yasminemodestine.com\/index.php?rest_route=\/wp\/v2\/pages\/60\/revisions\/588"}],"wp:attachment":[{"href":"http:\/\/www.yasminemodestine.com\/index.php?rest_route=%2Fwp%2Fv2%2Fmedia&parent=60"}],"curies":[{"name":"wp","href":"https:\/\/api.w.org\/{rel}","templated":true}]}}