{"id":524,"date":"2024-09-13T19:01:58","date_gmt":"2024-09-13T17:01:58","guid":{"rendered":"http:\/\/www.yasminemodestine.com\/?page_id=524"},"modified":"2024-09-14T14:42:08","modified_gmt":"2024-09-14T12:42:08","slug":"noires-mais-blanches-blanches-mais-noires-les-figures-feminines-noires-ou-metisses-au-theatre-de-cleopatre-a-ourika","status":"publish","type":"page","link":"http:\/\/www.yasminemodestine.com\/?page_id=524","title":{"rendered":"Noires mais blanches, blanches mais noires : les figures f\u00e9minines noires ou metisses au th\u00e9\u00e2tre de Cl\u00e9op\u00e2tre \u00e0 Ourika (essai)"},"content":{"rendered":"<div class=\"wp-block-image\">\n<figure class=\"alignleft size-large is-resized\"><img loading=\"lazy\" src=\"https:\/\/www.editions-harmattan.fr\/media\/86017\/download\/9782343197319r.jpg?v=1\" alt=\"\" width=\"199\" height=\"312\"\/><\/figure><\/div>\n\n\n<p>Une id\u00e9e r\u00e9pandue voudrait qu&rsquo;il n&rsquo;y ait pas d&rsquo;h\u00e9ro\u00efnes noires au r\u00e9pertoire et par cons\u00e9quent pas vraiment de grands r\u00f4les au th\u00e9\u00e2tre pour les com\u00e9diennes afro-descendantes. Mais est-ce bien vrai ? Occultation, invisibilisation, d\u00e9coloration&#8230; les figures th\u00e9\u00e2trales \u00e0 la peau sombre ont disparu du paysage dramatique avec l&rsquo;histoire coloniale, c&rsquo;est ce qu&rsquo;entreprend de montrer cet ouvrage qui part sur les traces de ces h\u00e9ro\u00efnes du r\u00e9pertoire moins blanches qu&rsquo;on ne croit. De quoi renverser d\u00e9nis et pr\u00e9jug\u00e9s et relire autrement le r\u00e9pertoire.<br><br><strong>Editions l&rsquo;Harmattan, 2020.<\/strong><br><br>Commandez-le <a href=\"https:\/\/www.editions-harmattan.fr\/catalogue\/livre\/noires-mais-blanches-blanches-mais-noires\/11803\" target=\"_blank\" rel=\"noreferrer noopener\">ici<\/a> ou dans une librairie ind\u00e9pendante !<\/p>\n","protected":false},"excerpt":{"rendered":"<p>Une id\u00e9e r\u00e9pandue voudrait qu&rsquo;il n&rsquo;y ait pas d&rsquo;h\u00e9ro\u00efnes noires au r\u00e9pertoire et par cons\u00e9quent pas vraiment de grands r\u00f4les au th\u00e9\u00e2tre pour les com\u00e9diennes afro-descendantes. Mais est-ce bien vrai ? Occultation, invisibilisation, d\u00e9coloration&#8230; les figures th\u00e9\u00e2trales \u00e0 la peau sombre ont disparu du paysage dramatique avec l&rsquo;histoire coloniale, c&rsquo;est ce qu&rsquo;entreprend de montrer cet [&hellip;]<\/p>\n","protected":false},"author":1,"featured_media":0,"parent":60,"menu_order":6,"comment_status":"closed","ping_status":"closed","template":"","meta":[],"yoast_head":"<!-- This site is optimized with the Yoast SEO plugin v19.6 - https:\/\/yoast.com\/wordpress\/plugins\/seo\/ -->\r\n<title>Noires mais blanches, blanches mais noires : les figures f\u00e9minines noires ou metisses au th\u00e9\u00e2tre de Cl\u00e9op\u00e2tre \u00e0 Ourika (essai) - Yasmine Modestine<\/title>\r\n<meta name=\"description\" content=\"Noires mais blanches, blanches mais noires : les figures f\u00e9minines noires ou m\u00e9tisses au th\u00e9\u00e2tre de Cl\u00e9op\u00e2tre \u00e0 Ourika : un essai de Yasmine Modestine, publi\u00e9 aux Editions L&#039;Harmattan\" \/>\r\n<meta name=\"robots\" content=\"index, follow, max-snippet:-1, max-image-preview:large, max-video-preview:-1\" \/>\r\n<link rel=\"canonical\" href=\"http:\/\/www.yasminemodestine.com\/?page_id=524\" \/>\r\n<meta property=\"og:locale\" content=\"fr_FR\" \/>\r\n<meta property=\"og:type\" content=\"article\" \/>\r\n<meta property=\"og:title\" content=\"Noires mais blanches, blanches mais noires : les figures f\u00e9minines noires ou metisses au th\u00e9\u00e2tre de Cl\u00e9op\u00e2tre \u00e0 Ourika (essai) - Yasmine Modestine\" \/>\r\n<meta property=\"og:description\" content=\"Noires mais blanches, blanches mais noires : les figures f\u00e9minines noires ou m\u00e9tisses au th\u00e9\u00e2tre de Cl\u00e9op\u00e2tre \u00e0 Ourika : un essai de Yasmine Modestine, publi\u00e9 aux Editions L&#039;Harmattan\" \/>\r\n<meta property=\"og:url\" content=\"http:\/\/www.yasminemodestine.com\/?page_id=524\" \/>\r\n<meta property=\"og:site_name\" content=\"Yasmine Modestine\" \/>\r\n<meta property=\"article:publisher\" content=\"http:\/\/www.facebook.com\/yasminemodestinepage\" \/>\r\n<meta property=\"article:modified_time\" content=\"2024-09-14T12:42:08+00:00\" \/>\r\n<meta property=\"og:image\" content=\"https:\/\/www.editions-harmattan.fr\/media\/86017\/download\/9782343197319r.jpg?v=1\" \/>\r\n<meta name=\"twitter:card\" content=\"summary\" \/>\r\n<meta name=\"twitter:site\" content=\"@yasminmodestine\" \/>\r\n<meta name=\"twitter:label1\" content=\"Dur\u00e9e de lecture estim\u00e9e\" \/>\n\t<meta name=\"twitter:data1\" content=\"1 minute\" \/>\r\n<script type=\"application\/ld+json\" class=\"yoast-schema-graph\">{\"@context\":\"https:\/\/schema.org\",\"@graph\":[{\"@type\":\"WebPage\",\"@id\":\"http:\/\/www.yasminemodestine.com\/?page_id=524\",\"url\":\"http:\/\/www.yasminemodestine.com\/?page_id=524\",\"name\":\"Noires mais blanches, blanches mais noires : les figures f\u00e9minines noires ou metisses au th\u00e9\u00e2tre de Cl\u00e9op\u00e2tre \u00e0 Ourika (essai) - Yasmine Modestine\",\"isPartOf\":{\"@id\":\"http:\/\/www.yasminemodestine.com\/#website\"},\"datePublished\":\"2024-09-13T17:01:58+00:00\",\"dateModified\":\"2024-09-14T12:42:08+00:00\",\"description\":\"Noires mais blanches, blanches mais noires : les figures f\u00e9minines noires ou m\u00e9tisses au th\u00e9\u00e2tre de Cl\u00e9op\u00e2tre \u00e0 Ourika : un essai de Yasmine Modestine, publi\u00e9 aux Editions L'Harmattan\",\"breadcrumb\":{\"@id\":\"http:\/\/www.yasminemodestine.com\/?page_id=524#breadcrumb\"},\"inLanguage\":\"fr-FR\",\"potentialAction\":[{\"@type\":\"ReadAction\",\"target\":[\"http:\/\/www.yasminemodestine.com\/?page_id=524\"]}]},{\"@type\":\"BreadcrumbList\",\"@id\":\"http:\/\/www.yasminemodestine.com\/?page_id=524#breadcrumb\",\"itemListElement\":[{\"@type\":\"ListItem\",\"position\":1,\"name\":\"Accueil\",\"item\":\"http:\/\/www.yasminemodestine.com\/?page_id=9\"},{\"@type\":\"ListItem\",\"position\":2,\"name\":\"Autrice\",\"item\":\"http:\/\/www.yasminemodestine.com\/?page_id=60\"},{\"@type\":\"ListItem\",\"position\":3,\"name\":\"Noires mais blanches, blanches mais noires : les figures f\u00e9minines noires ou metisses au th\u00e9\u00e2tre de Cl\u00e9op\u00e2tre \u00e0 Ourika (essai)\"}]},{\"@type\":\"WebSite\",\"@id\":\"http:\/\/www.yasminemodestine.com\/#website\",\"url\":\"http:\/\/www.yasminemodestine.com\/\",\"name\":\"Yasmine Modestine\",\"description\":\"PIANO A TEXTE ET VOIX\",\"potentialAction\":[{\"@type\":\"SearchAction\",\"target\":{\"@type\":\"EntryPoint\",\"urlTemplate\":\"http:\/\/www.yasminemodestine.com\/?s={search_term_string}\"},\"query-input\":\"required name=search_term_string\"}],\"inLanguage\":\"fr-FR\"}]}<\/script>\r\n<!-- \/ Yoast SEO plugin. -->","yoast_head_json":{"title":"Noires mais blanches, blanches mais noires : les figures f\u00e9minines noires ou metisses au th\u00e9\u00e2tre de Cl\u00e9op\u00e2tre \u00e0 Ourika (essai) - Yasmine Modestine","description":"Noires mais blanches, blanches mais noires : les figures f\u00e9minines noires ou m\u00e9tisses au th\u00e9\u00e2tre de Cl\u00e9op\u00e2tre \u00e0 Ourika : un essai de Yasmine Modestine, publi\u00e9 aux Editions L'Harmattan","robots":{"index":"index","follow":"follow","max-snippet":"max-snippet:-1","max-image-preview":"max-image-preview:large","max-video-preview":"max-video-preview:-1"},"canonical":"http:\/\/www.yasminemodestine.com\/?page_id=524","og_locale":"fr_FR","og_type":"article","og_title":"Noires mais blanches, blanches mais noires : les figures f\u00e9minines noires ou metisses au th\u00e9\u00e2tre de Cl\u00e9op\u00e2tre \u00e0 Ourika (essai) - Yasmine Modestine","og_description":"Noires mais blanches, blanches mais noires : les figures f\u00e9minines noires ou m\u00e9tisses au th\u00e9\u00e2tre de Cl\u00e9op\u00e2tre \u00e0 Ourika : un essai de Yasmine Modestine, publi\u00e9 aux Editions L'Harmattan","og_url":"http:\/\/www.yasminemodestine.com\/?page_id=524","og_site_name":"Yasmine Modestine","article_publisher":"http:\/\/www.facebook.com\/yasminemodestinepage","article_modified_time":"2024-09-14T12:42:08+00:00","og_image":[{"url":"https:\/\/www.editions-harmattan.fr\/media\/86017\/download\/9782343197319r.jpg?v=1"}],"twitter_card":"summary","twitter_site":"@yasminmodestine","twitter_misc":{"Dur\u00e9e de lecture estim\u00e9e":"1 minute"},"schema":{"@context":"https:\/\/schema.org","@graph":[{"@type":"WebPage","@id":"http:\/\/www.yasminemodestine.com\/?page_id=524","url":"http:\/\/www.yasminemodestine.com\/?page_id=524","name":"Noires mais blanches, blanches mais noires : les figures f\u00e9minines noires ou metisses au th\u00e9\u00e2tre de Cl\u00e9op\u00e2tre \u00e0 Ourika (essai) - Yasmine Modestine","isPartOf":{"@id":"http:\/\/www.yasminemodestine.com\/#website"},"datePublished":"2024-09-13T17:01:58+00:00","dateModified":"2024-09-14T12:42:08+00:00","description":"Noires mais blanches, blanches mais noires : les figures f\u00e9minines noires ou m\u00e9tisses au th\u00e9\u00e2tre de Cl\u00e9op\u00e2tre \u00e0 Ourika : un essai de Yasmine Modestine, publi\u00e9 aux Editions L'Harmattan","breadcrumb":{"@id":"http:\/\/www.yasminemodestine.com\/?page_id=524#breadcrumb"},"inLanguage":"fr-FR","potentialAction":[{"@type":"ReadAction","target":["http:\/\/www.yasminemodestine.com\/?page_id=524"]}]},{"@type":"BreadcrumbList","@id":"http:\/\/www.yasminemodestine.com\/?page_id=524#breadcrumb","itemListElement":[{"@type":"ListItem","position":1,"name":"Accueil","item":"http:\/\/www.yasminemodestine.com\/?page_id=9"},{"@type":"ListItem","position":2,"name":"Autrice","item":"http:\/\/www.yasminemodestine.com\/?page_id=60"},{"@type":"ListItem","position":3,"name":"Noires mais blanches, blanches mais noires : les figures f\u00e9minines noires ou metisses au th\u00e9\u00e2tre de Cl\u00e9op\u00e2tre \u00e0 Ourika (essai)"}]},{"@type":"WebSite","@id":"http:\/\/www.yasminemodestine.com\/#website","url":"http:\/\/www.yasminemodestine.com\/","name":"Yasmine Modestine","description":"PIANO A TEXTE ET VOIX","potentialAction":[{"@type":"SearchAction","target":{"@type":"EntryPoint","urlTemplate":"http:\/\/www.yasminemodestine.com\/?s={search_term_string}"},"query-input":"required name=search_term_string"}],"inLanguage":"fr-FR"}]}},"_links":{"self":[{"href":"http:\/\/www.yasminemodestine.com\/index.php?rest_route=\/wp\/v2\/pages\/524"}],"collection":[{"href":"http:\/\/www.yasminemodestine.com\/index.php?rest_route=\/wp\/v2\/pages"}],"about":[{"href":"http:\/\/www.yasminemodestine.com\/index.php?rest_route=\/wp\/v2\/types\/page"}],"author":[{"embeddable":true,"href":"http:\/\/www.yasminemodestine.com\/index.php?rest_route=\/wp\/v2\/users\/1"}],"replies":[{"embeddable":true,"href":"http:\/\/www.yasminemodestine.com\/index.php?rest_route=%2Fwp%2Fv2%2Fcomments&post=524"}],"version-history":[{"count":16,"href":"http:\/\/www.yasminemodestine.com\/index.php?rest_route=\/wp\/v2\/pages\/524\/revisions"}],"predecessor-version":[{"id":571,"href":"http:\/\/www.yasminemodestine.com\/index.php?rest_route=\/wp\/v2\/pages\/524\/revisions\/571"}],"up":[{"embeddable":true,"href":"http:\/\/www.yasminemodestine.com\/index.php?rest_route=\/wp\/v2\/pages\/60"}],"wp:attachment":[{"href":"http:\/\/www.yasminemodestine.com\/index.php?rest_route=%2Fwp%2Fv2%2Fmedia&parent=524"}],"curies":[{"name":"wp","href":"https:\/\/api.w.org\/{rel}","templated":true}]}}