{"id":510,"date":"2024-09-13T19:16:17","date_gmt":"2024-09-13T17:16:17","guid":{"rendered":"http:\/\/www.yasminemodestine.com\/?page_id=510"},"modified":"2024-09-14T14:43:30","modified_gmt":"2024-09-14T12:43:30","slug":"et-john-lennon-est-mort","status":"publish","type":"page","link":"http:\/\/www.yasminemodestine.com\/?page_id=510","title":{"rendered":"Et John Lennon est mort (roman)"},"content":{"rendered":"\n<figure class=\"wp-container-2 wp-block-gallery-1 wp-block-gallery has-nested-images columns-default is-cropped\">\n<figure class=\"wp-block-image size-large\"><img src=\"https:\/\/triartis.fr\/images\/livres\/couv-Et-John-Lennon-est-mort.jpg\" alt=\"\"\/><\/figure>\n<\/figure>\n\n\n\n<p>\u00ab\u00a0Revenir en arri\u00e8re, si l&rsquo;on pense tr\u00e8s fort, on doit pouvoir revenir, remonter le temps, cela doit \u00eatre possible, il faut que ce soit possible, ce n&rsquo;est pas possible que ce ne soit pas possible&nbsp;! Vous ne parlez plus. Le monde se d\u00e9robe, fout le camp, \u00e7a n&rsquo;a plus d&rsquo;importance. Vous tentez pourtant quelques accroches comme on plante un piquet d&rsquo;escalade dans une roche friable. John Lennon est mort. J&rsquo;entends l&rsquo;\u00e9cho si lointain, si lointain. Trou noir.\u00a0\u00bb<\/p>\n\n\n\n<p><strong>Editions TriArtis, 2024.<\/strong><\/p>\n\n\n\n<p>Commandez-le<a href=\"https:\/\/www.fnac.com\/a20831506\/Yasmine-Modestine-Et-John-Lennon-est-mort\" target=\"_blank\" rel=\"noreferrer noopener\"> ici<\/a> ou<a href=\"http:\/\/www.triartis.fr\/livre-148-Et_John_Lennon_est_mort.html\" target=\"_blank\" rel=\"noreferrer noopener\"> l\u00e0<\/a> ou dans une librairie ind\u00e9pendante !<\/p>\n","protected":false},"excerpt":{"rendered":"<p>\u00ab\u00a0Revenir en arri\u00e8re, si l&rsquo;on pense tr\u00e8s fort, on doit pouvoir revenir, remonter le temps, cela doit \u00eatre possible, il faut que ce soit possible, ce n&rsquo;est pas possible que ce ne soit pas possible&nbsp;! Vous ne parlez plus. Le monde se d\u00e9robe, fout le camp, \u00e7a n&rsquo;a plus d&rsquo;importance. Vous tentez pourtant quelques accroches [&hellip;]<\/p>\n","protected":false},"author":1,"featured_media":0,"parent":60,"menu_order":7,"comment_status":"closed","ping_status":"closed","template":"","meta":[],"yoast_head":"<!-- This site is optimized with the Yoast SEO plugin v19.6 - https:\/\/yoast.com\/wordpress\/plugins\/seo\/ -->\r\n<title>Et John Lennon est mort (roman) - Yasmine Modestine<\/title>\r\n<meta name=\"description\" content=\"Et John Lennon est mort : un roman de Yasmine Modestine, publi\u00e9 aux \u00e9ditions TriArtis\" \/>\r\n<meta name=\"robots\" content=\"index, follow, max-snippet:-1, max-image-preview:large, max-video-preview:-1\" \/>\r\n<link rel=\"canonical\" href=\"http:\/\/www.yasminemodestine.com\/?page_id=510\" \/>\r\n<meta property=\"og:locale\" content=\"fr_FR\" \/>\r\n<meta property=\"og:type\" content=\"article\" \/>\r\n<meta property=\"og:title\" content=\"Et John Lennon est mort (roman) - Yasmine Modestine\" \/>\r\n<meta property=\"og:description\" content=\"Et John Lennon est mort : un roman de Yasmine Modestine, publi\u00e9 aux \u00e9ditions TriArtis\" \/>\r\n<meta property=\"og:url\" content=\"http:\/\/www.yasminemodestine.com\/?page_id=510\" \/>\r\n<meta property=\"og:site_name\" content=\"Yasmine Modestine\" \/>\r\n<meta property=\"article:publisher\" content=\"http:\/\/www.facebook.com\/yasminemodestinepage\" \/>\r\n<meta property=\"article:modified_time\" content=\"2024-09-14T12:43:30+00:00\" \/>\r\n<meta property=\"og:image\" content=\"https:\/\/triartis.fr\/images\/livres\/couv-Et-John-Lennon-est-mort.jpg\" \/>\r\n<meta name=\"twitter:card\" content=\"summary\" \/>\r\n<meta name=\"twitter:site\" content=\"@yasminmodestine\" \/>\r\n<meta name=\"twitter:label1\" content=\"Dur\u00e9e de lecture estim\u00e9e\" \/>\n\t<meta name=\"twitter:data1\" content=\"1 minute\" \/>\r\n<script type=\"application\/ld+json\" class=\"yoast-schema-graph\">{\"@context\":\"https:\/\/schema.org\",\"@graph\":[{\"@type\":\"WebPage\",\"@id\":\"http:\/\/www.yasminemodestine.com\/?page_id=510\",\"url\":\"http:\/\/www.yasminemodestine.com\/?page_id=510\",\"name\":\"Et John Lennon est mort (roman) - Yasmine Modestine\",\"isPartOf\":{\"@id\":\"http:\/\/www.yasminemodestine.com\/#website\"},\"datePublished\":\"2024-09-13T17:16:17+00:00\",\"dateModified\":\"2024-09-14T12:43:30+00:00\",\"description\":\"Et John Lennon est mort : un roman de Yasmine Modestine, publi\u00e9 aux \u00e9ditions TriArtis\",\"breadcrumb\":{\"@id\":\"http:\/\/www.yasminemodestine.com\/?page_id=510#breadcrumb\"},\"inLanguage\":\"fr-FR\",\"potentialAction\":[{\"@type\":\"ReadAction\",\"target\":[\"http:\/\/www.yasminemodestine.com\/?page_id=510\"]}]},{\"@type\":\"BreadcrumbList\",\"@id\":\"http:\/\/www.yasminemodestine.com\/?page_id=510#breadcrumb\",\"itemListElement\":[{\"@type\":\"ListItem\",\"position\":1,\"name\":\"Accueil\",\"item\":\"http:\/\/www.yasminemodestine.com\/?page_id=9\"},{\"@type\":\"ListItem\",\"position\":2,\"name\":\"Autrice\",\"item\":\"http:\/\/www.yasminemodestine.com\/?page_id=60\"},{\"@type\":\"ListItem\",\"position\":3,\"name\":\"Et John Lennon est mort (roman)\"}]},{\"@type\":\"WebSite\",\"@id\":\"http:\/\/www.yasminemodestine.com\/#website\",\"url\":\"http:\/\/www.yasminemodestine.com\/\",\"name\":\"Yasmine Modestine\",\"description\":\"PIANO A TEXTE ET VOIX\",\"potentialAction\":[{\"@type\":\"SearchAction\",\"target\":{\"@type\":\"EntryPoint\",\"urlTemplate\":\"http:\/\/www.yasminemodestine.com\/?s={search_term_string}\"},\"query-input\":\"required name=search_term_string\"}],\"inLanguage\":\"fr-FR\"}]}<\/script>\r\n<!-- \/ Yoast SEO plugin. -->","yoast_head_json":{"title":"Et John Lennon est mort (roman) - Yasmine Modestine","description":"Et John Lennon est mort : un roman de Yasmine Modestine, publi\u00e9 aux \u00e9ditions TriArtis","robots":{"index":"index","follow":"follow","max-snippet":"max-snippet:-1","max-image-preview":"max-image-preview:large","max-video-preview":"max-video-preview:-1"},"canonical":"http:\/\/www.yasminemodestine.com\/?page_id=510","og_locale":"fr_FR","og_type":"article","og_title":"Et John Lennon est mort (roman) - Yasmine Modestine","og_description":"Et John Lennon est mort : un roman de Yasmine Modestine, publi\u00e9 aux \u00e9ditions TriArtis","og_url":"http:\/\/www.yasminemodestine.com\/?page_id=510","og_site_name":"Yasmine Modestine","article_publisher":"http:\/\/www.facebook.com\/yasminemodestinepage","article_modified_time":"2024-09-14T12:43:30+00:00","og_image":[{"url":"https:\/\/triartis.fr\/images\/livres\/couv-Et-John-Lennon-est-mort.jpg"}],"twitter_card":"summary","twitter_site":"@yasminmodestine","twitter_misc":{"Dur\u00e9e de lecture estim\u00e9e":"1 minute"},"schema":{"@context":"https:\/\/schema.org","@graph":[{"@type":"WebPage","@id":"http:\/\/www.yasminemodestine.com\/?page_id=510","url":"http:\/\/www.yasminemodestine.com\/?page_id=510","name":"Et John Lennon est mort (roman) - Yasmine Modestine","isPartOf":{"@id":"http:\/\/www.yasminemodestine.com\/#website"},"datePublished":"2024-09-13T17:16:17+00:00","dateModified":"2024-09-14T12:43:30+00:00","description":"Et John Lennon est mort : un roman de Yasmine Modestine, publi\u00e9 aux \u00e9ditions TriArtis","breadcrumb":{"@id":"http:\/\/www.yasminemodestine.com\/?page_id=510#breadcrumb"},"inLanguage":"fr-FR","potentialAction":[{"@type":"ReadAction","target":["http:\/\/www.yasminemodestine.com\/?page_id=510"]}]},{"@type":"BreadcrumbList","@id":"http:\/\/www.yasminemodestine.com\/?page_id=510#breadcrumb","itemListElement":[{"@type":"ListItem","position":1,"name":"Accueil","item":"http:\/\/www.yasminemodestine.com\/?page_id=9"},{"@type":"ListItem","position":2,"name":"Autrice","item":"http:\/\/www.yasminemodestine.com\/?page_id=60"},{"@type":"ListItem","position":3,"name":"Et John Lennon est mort (roman)"}]},{"@type":"WebSite","@id":"http:\/\/www.yasminemodestine.com\/#website","url":"http:\/\/www.yasminemodestine.com\/","name":"Yasmine Modestine","description":"PIANO A TEXTE ET VOIX","potentialAction":[{"@type":"SearchAction","target":{"@type":"EntryPoint","urlTemplate":"http:\/\/www.yasminemodestine.com\/?s={search_term_string}"},"query-input":"required name=search_term_string"}],"inLanguage":"fr-FR"}]}},"_links":{"self":[{"href":"http:\/\/www.yasminemodestine.com\/index.php?rest_route=\/wp\/v2\/pages\/510"}],"collection":[{"href":"http:\/\/www.yasminemodestine.com\/index.php?rest_route=\/wp\/v2\/pages"}],"about":[{"href":"http:\/\/www.yasminemodestine.com\/index.php?rest_route=\/wp\/v2\/types\/page"}],"author":[{"embeddable":true,"href":"http:\/\/www.yasminemodestine.com\/index.php?rest_route=\/wp\/v2\/users\/1"}],"replies":[{"embeddable":true,"href":"http:\/\/www.yasminemodestine.com\/index.php?rest_route=%2Fwp%2Fv2%2Fcomments&post=510"}],"version-history":[{"count":12,"href":"http:\/\/www.yasminemodestine.com\/index.php?rest_route=\/wp\/v2\/pages\/510\/revisions"}],"predecessor-version":[{"id":572,"href":"http:\/\/www.yasminemodestine.com\/index.php?rest_route=\/wp\/v2\/pages\/510\/revisions\/572"}],"up":[{"embeddable":true,"href":"http:\/\/www.yasminemodestine.com\/index.php?rest_route=\/wp\/v2\/pages\/60"}],"wp:attachment":[{"href":"http:\/\/www.yasminemodestine.com\/index.php?rest_route=%2Fwp%2Fv2%2Fmedia&parent=510"}],"curies":[{"name":"wp","href":"https:\/\/api.w.org\/{rel}","templated":true}]}}