{"id":208,"date":"2017-01-08T00:52:12","date_gmt":"2017-01-07T23:52:12","guid":{"rendered":"http:\/\/www.yasminemodestine.com\/?page_id=208"},"modified":"2024-09-13T20:04:27","modified_gmt":"2024-09-13T18:04:27","slug":"author","status":"publish","type":"page","link":"http:\/\/www.yasminemodestine.com\/?page_id=208","title":{"rendered":"Author"},"content":{"rendered":"<h4><\/h4>\n<h4>THEATRE PLAYS<\/h4>\n<p><strong>Le Prince charmant<\/strong>, her first play, has been read at the Th\u00e9\u00e2tre de la Temp\u00eate, and at the Th\u00e9\u00e2tre 13 in Paris. <strong>Mademoiselle<\/strong>, her second play, has been selected by the Readers&rsquo; Commission of the Com\u00e9die Fran\u00e7aise. In 2014, the French Compagnie Des Mots et des Actes gave two public readings of the play in Paris. <strong>Mademoiselle<\/strong>, <strong>Le Prince charmant<\/strong>, <strong>Le Chinois vert \u00e0 pattes jaunes<\/strong> and <strong>Uma\u00ebl et moi<\/strong> have been published (in French) by the <a href=\"http:\/\/www.ed-lesolitaire.com\/a1-modestine.pdf\" target=\"_blank\" rel=\"noopener\">Editions Le Solitaire<\/a>.<\/p>\n<h4>ESSAY<\/h4>\n<p>In 2015, Yasmine has published <a href=\"https:\/\/www.maxmilo.com\/produit\/quel-dommage-que-tu-ne-sois-pas-plus-noire\/\" target=\"_blank\" rel=\"noopener\">Quel dommage que tu ne sois pas plus noire<\/a><a href=\"http:\/\/www.yasminemodestine.com\/auteure\/quel-dommage-que-tu-ne-sois-pas-plus-noire-essaitemoignage\/\" target=\"_blank\" rel=\"noopener\"> (<\/a>Editions Max Milo, Paris, France). In 2020, she published <a href=\"https:\/\/www.editions-harmattan.fr\/livre-noires_mais_blanches_blanches_mais_noires_les_figures_feminines_noires_ou_metisses_au_theatre_de_cleopatre_a_ourika_yasmine_modestine-9782343197319-66061.html\">Noires mais blanches, blanches mais noires (Editions L&rsquo;Harmattan, Paris, France).<\/a><\/p>\n<p><b>NOVEL<\/b><\/p>\n<p><a href=\"https:\/\/triartis.fr\/livre-148-Et_John_Lennon_est_mort.html\">Et John Lennon est mort<\/a>\u00a0is published in 2024 by the Editions TriArtis, Paris.<\/p>\n","protected":false},"excerpt":{"rendered":"<p>THEATRE PLAYS Le Prince charmant, her first play, has been read at the Th\u00e9\u00e2tre de la Temp\u00eate, and at the Th\u00e9\u00e2tre 13 in Paris. Mademoiselle, her second play, has been selected by the Readers&rsquo; Commission of the Com\u00e9die Fran\u00e7aise. In 2014, the French Compagnie Des Mots et des Actes gave two public readings of the [&hellip;]<\/p>\n","protected":false},"author":1,"featured_media":0,"parent":0,"menu_order":0,"comment_status":"closed","ping_status":"closed","template":"","meta":[],"yoast_head":"<!-- This site is optimized with the Yoast SEO plugin v19.6 - https:\/\/yoast.com\/wordpress\/plugins\/seo\/ -->\r\n<title>Author - Yasmine Modestine<\/title>\r\n<meta name=\"description\" content=\"Yasmine Modestine has published four theatre plays, and one essay, Quel dommage que tu ne sois pas plus noire.\" \/>\r\n<meta name=\"robots\" content=\"index, follow, max-snippet:-1, max-image-preview:large, max-video-preview:-1\" \/>\r\n<link rel=\"canonical\" href=\"http:\/\/www.yasminemodestine.com\/?page_id=208\" \/>\r\n<meta property=\"og:locale\" content=\"fr_FR\" \/>\r\n<meta property=\"og:type\" content=\"article\" \/>\r\n<meta property=\"og:title\" content=\"Author - Yasmine Modestine\" \/>\r\n<meta property=\"og:description\" content=\"Yasmine Modestine has published four theatre plays, and one essay, Quel dommage que tu ne sois pas plus noire.\" \/>\r\n<meta property=\"og:url\" content=\"http:\/\/www.yasminemodestine.com\/?page_id=208\" \/>\r\n<meta property=\"og:site_name\" content=\"Yasmine Modestine\" \/>\r\n<meta property=\"article:publisher\" content=\"http:\/\/www.facebook.com\/yasminemodestinepage\" \/>\r\n<meta property=\"article:modified_time\" content=\"2024-09-13T18:04:27+00:00\" \/>\r\n<meta name=\"twitter:card\" content=\"summary\" \/>\r\n<meta name=\"twitter:site\" content=\"@yasminmodestine\" \/>\r\n<meta name=\"twitter:label1\" content=\"Dur\u00e9e de lecture estim\u00e9e\" \/>\n\t<meta name=\"twitter:data1\" content=\"1 minute\" \/>\r\n<script type=\"application\/ld+json\" class=\"yoast-schema-graph\">{\"@context\":\"https:\/\/schema.org\",\"@graph\":[{\"@type\":\"WebPage\",\"@id\":\"http:\/\/www.yasminemodestine.com\/?page_id=208\",\"url\":\"http:\/\/www.yasminemodestine.com\/?page_id=208\",\"name\":\"Author - Yasmine Modestine\",\"isPartOf\":{\"@id\":\"http:\/\/www.yasminemodestine.com\/#website\"},\"datePublished\":\"2017-01-07T23:52:12+00:00\",\"dateModified\":\"2024-09-13T18:04:27+00:00\",\"description\":\"Yasmine Modestine has published four theatre plays, and one essay, Quel dommage que tu ne sois pas plus noire.\",\"breadcrumb\":{\"@id\":\"http:\/\/www.yasminemodestine.com\/?page_id=208#breadcrumb\"},\"inLanguage\":\"fr-FR\",\"potentialAction\":[{\"@type\":\"ReadAction\",\"target\":[\"http:\/\/www.yasminemodestine.com\/?page_id=208\"]}]},{\"@type\":\"BreadcrumbList\",\"@id\":\"http:\/\/www.yasminemodestine.com\/?page_id=208#breadcrumb\",\"itemListElement\":[{\"@type\":\"ListItem\",\"position\":1,\"name\":\"Accueil\",\"item\":\"http:\/\/www.yasminemodestine.com\/?page_id=9\"},{\"@type\":\"ListItem\",\"position\":2,\"name\":\"Author\"}]},{\"@type\":\"WebSite\",\"@id\":\"http:\/\/www.yasminemodestine.com\/#website\",\"url\":\"http:\/\/www.yasminemodestine.com\/\",\"name\":\"Yasmine Modestine\",\"description\":\"PIANO A TEXTE ET VOIX\",\"potentialAction\":[{\"@type\":\"SearchAction\",\"target\":{\"@type\":\"EntryPoint\",\"urlTemplate\":\"http:\/\/www.yasminemodestine.com\/?s={search_term_string}\"},\"query-input\":\"required name=search_term_string\"}],\"inLanguage\":\"fr-FR\"}]}<\/script>\r\n<!-- \/ Yoast SEO plugin. -->","yoast_head_json":{"title":"Author - Yasmine Modestine","description":"Yasmine Modestine has published four theatre plays, and one essay, Quel dommage que tu ne sois pas plus noire.","robots":{"index":"index","follow":"follow","max-snippet":"max-snippet:-1","max-image-preview":"max-image-preview:large","max-video-preview":"max-video-preview:-1"},"canonical":"http:\/\/www.yasminemodestine.com\/?page_id=208","og_locale":"fr_FR","og_type":"article","og_title":"Author - Yasmine Modestine","og_description":"Yasmine Modestine has published four theatre plays, and one essay, Quel dommage que tu ne sois pas plus noire.","og_url":"http:\/\/www.yasminemodestine.com\/?page_id=208","og_site_name":"Yasmine Modestine","article_publisher":"http:\/\/www.facebook.com\/yasminemodestinepage","article_modified_time":"2024-09-13T18:04:27+00:00","twitter_card":"summary","twitter_site":"@yasminmodestine","twitter_misc":{"Dur\u00e9e de lecture estim\u00e9e":"1 minute"},"schema":{"@context":"https:\/\/schema.org","@graph":[{"@type":"WebPage","@id":"http:\/\/www.yasminemodestine.com\/?page_id=208","url":"http:\/\/www.yasminemodestine.com\/?page_id=208","name":"Author - Yasmine Modestine","isPartOf":{"@id":"http:\/\/www.yasminemodestine.com\/#website"},"datePublished":"2017-01-07T23:52:12+00:00","dateModified":"2024-09-13T18:04:27+00:00","description":"Yasmine Modestine has published four theatre plays, and one essay, Quel dommage que tu ne sois pas plus noire.","breadcrumb":{"@id":"http:\/\/www.yasminemodestine.com\/?page_id=208#breadcrumb"},"inLanguage":"fr-FR","potentialAction":[{"@type":"ReadAction","target":["http:\/\/www.yasminemodestine.com\/?page_id=208"]}]},{"@type":"BreadcrumbList","@id":"http:\/\/www.yasminemodestine.com\/?page_id=208#breadcrumb","itemListElement":[{"@type":"ListItem","position":1,"name":"Accueil","item":"http:\/\/www.yasminemodestine.com\/?page_id=9"},{"@type":"ListItem","position":2,"name":"Author"}]},{"@type":"WebSite","@id":"http:\/\/www.yasminemodestine.com\/#website","url":"http:\/\/www.yasminemodestine.com\/","name":"Yasmine Modestine","description":"PIANO A TEXTE ET VOIX","potentialAction":[{"@type":"SearchAction","target":{"@type":"EntryPoint","urlTemplate":"http:\/\/www.yasminemodestine.com\/?s={search_term_string}"},"query-input":"required name=search_term_string"}],"inLanguage":"fr-FR"}]}},"_links":{"self":[{"href":"http:\/\/www.yasminemodestine.com\/index.php?rest_route=\/wp\/v2\/pages\/208"}],"collection":[{"href":"http:\/\/www.yasminemodestine.com\/index.php?rest_route=\/wp\/v2\/pages"}],"about":[{"href":"http:\/\/www.yasminemodestine.com\/index.php?rest_route=\/wp\/v2\/types\/page"}],"author":[{"embeddable":true,"href":"http:\/\/www.yasminemodestine.com\/index.php?rest_route=\/wp\/v2\/users\/1"}],"replies":[{"embeddable":true,"href":"http:\/\/www.yasminemodestine.com\/index.php?rest_route=%2Fwp%2Fv2%2Fcomments&post=208"}],"version-history":[{"count":12,"href":"http:\/\/www.yasminemodestine.com\/index.php?rest_route=\/wp\/v2\/pages\/208\/revisions"}],"predecessor-version":[{"id":545,"href":"http:\/\/www.yasminemodestine.com\/index.php?rest_route=\/wp\/v2\/pages\/208\/revisions\/545"}],"wp:attachment":[{"href":"http:\/\/www.yasminemodestine.com\/index.php?rest_route=%2Fwp%2Fv2%2Fmedia&parent=208"}],"curies":[{"name":"wp","href":"https:\/\/api.w.org\/{rel}","templated":true}]}}