{"id":175,"date":"2017-01-07T23:33:24","date_gmt":"2017-01-07T22:33:24","guid":{"rendered":"http:\/\/www.yasminemodestine.com\/?page_id=175"},"modified":"2024-10-06T20:45:25","modified_gmt":"2024-10-06T18:45:25","slug":"actress","status":"publish","type":"page","link":"http:\/\/www.yasminemodestine.com\/?page_id=175","title":{"rendered":"Actress"},"content":{"rendered":"\n\t\t<style type=\"text\/css\">\n\t\t\t#gallery-1 {\n\t\t\t\tmargin: auto;\n\t\t\t}\n\t\t\t#gallery-1 .gallery-item {\n\t\t\t\tfloat: left;\n\t\t\t\tmargin-top: 10px;\n\t\t\t\ttext-align: center;\n\t\t\t\twidth: 33%;\n\t\t\t}\n\t\t\t#gallery-1 img {\n\t\t\t\tborder: 2px solid #cfcfcf;\n\t\t\t}\n\t\t\t#gallery-1 .gallery-caption {\n\t\t\t\tmargin-left: 0;\n\t\t\t}\n\t\t\t\/* see gallery_shortcode() in wp-includes\/media.php *\/\n\t\t<\/style>\n\t\t<div id='gallery-1' class='gallery galleryid-175 gallery-columns-3 gallery-size-medium'><dl class='gallery-item'>\n\t\t\t<dt class='gallery-icon portrait'>\n\t\t\t\t<a href='http:\/\/www.yasminemodestine.com\/?attachment_id=18'><img width=\"240\" height=\"300\" src=\"http:\/\/www.yasminemodestine.com\/wp-content\/uploads\/2017\/01\/yasminemodestine_portrait2-240x300.jpg\" class=\"attachment-medium size-medium\" alt=\"Yasmine Modestine - actress - headshot\" loading=\"lazy\" aria-describedby=\"gallery-1-18\" srcset=\"http:\/\/www.yasminemodestine.com\/wp-content\/uploads\/2017\/01\/yasminemodestine_portrait2-240x300.jpg 240w, http:\/\/www.yasminemodestine.com\/wp-content\/uploads\/2017\/01\/yasminemodestine_portrait2-768x960.jpg 768w, http:\/\/www.yasminemodestine.com\/wp-content\/uploads\/2017\/01\/yasminemodestine_portrait2-819x1024.jpg 819w, http:\/\/www.yasminemodestine.com\/wp-content\/uploads\/2017\/01\/yasminemodestine_portrait2-1200x1500.jpg 1200w\" sizes=\"(max-width: 240px) 100vw, 240px\" \/><\/a>\n\t\t\t<\/dt>\n\t\t\t\t<dd class='wp-caption-text gallery-caption' id='gallery-1-18'>\n\t\t\t\t(c) Jean-Fran\u00e7ois Robert\n\t\t\t\t<\/dd><\/dl><dl class='gallery-item'>\n\t\t\t<dt class='gallery-icon portrait'>\n\t\t\t\t<a href='http:\/\/www.yasminemodestine.com\/?attachment_id=20'><img width=\"240\" height=\"300\" src=\"http:\/\/www.yasminemodestine.com\/wp-content\/uploads\/2017\/01\/yasminemodestine_portrait4-240x300.jpg\" class=\"attachment-medium size-medium\" alt=\"Yasmine Modestine - actress - headshot\" loading=\"lazy\" aria-describedby=\"gallery-1-20\" srcset=\"http:\/\/www.yasminemodestine.com\/wp-content\/uploads\/2017\/01\/yasminemodestine_portrait4-240x300.jpg 240w, http:\/\/www.yasminemodestine.com\/wp-content\/uploads\/2017\/01\/yasminemodestine_portrait4-768x960.jpg 768w, http:\/\/www.yasminemodestine.com\/wp-content\/uploads\/2017\/01\/yasminemodestine_portrait4-819x1024.jpg 819w, http:\/\/www.yasminemodestine.com\/wp-content\/uploads\/2017\/01\/yasminemodestine_portrait4-1200x1500.jpg 1200w\" sizes=\"(max-width: 240px) 100vw, 240px\" \/><\/a>\n\t\t\t<\/dt>\n\t\t\t\t<dd class='wp-caption-text gallery-caption' id='gallery-1-20'>\n\t\t\t\t(c) Jean-Fran\u00e7ois Robert\n\t\t\t\t<\/dd><\/dl><dl class='gallery-item'>\n\t\t\t<dt class='gallery-icon portrait'>\n\t\t\t\t<a href='http:\/\/www.yasminemodestine.com\/?attachment_id=19'><img width=\"240\" height=\"300\" src=\"http:\/\/www.yasminemodestine.com\/wp-content\/uploads\/2017\/01\/yasminemodestine_portrait3-240x300.jpg\" class=\"attachment-medium size-medium\" alt=\"Yasmine Modestine - actress - headshot\" loading=\"lazy\" aria-describedby=\"gallery-1-19\" srcset=\"http:\/\/www.yasminemodestine.com\/wp-content\/uploads\/2017\/01\/yasminemodestine_portrait3-240x300.jpg 240w, http:\/\/www.yasminemodestine.com\/wp-content\/uploads\/2017\/01\/yasminemodestine_portrait3-768x960.jpg 768w, http:\/\/www.yasminemodestine.com\/wp-content\/uploads\/2017\/01\/yasminemodestine_portrait3-819x1024.jpg 819w, http:\/\/www.yasminemodestine.com\/wp-content\/uploads\/2017\/01\/yasminemodestine_portrait3-1200x1500.jpg 1200w\" sizes=\"(max-width: 240px) 100vw, 240px\" \/><\/a>\n\t\t\t<\/dt>\n\t\t\t\t<dd class='wp-caption-text gallery-caption' id='gallery-1-19'>\n\t\t\t\t(c) Jean-Fran\u00e7ois Robert\n\t\t\t\t<\/dd><\/dl><br style=\"clear: both\" \/>\n\t\t<\/div>\n\n<p class=\"paragraph_style_5\">After studying at the French premier drama school, the Conservatoire Sup\u00e9rieur d\u2019Art Dramatique, Yasmine has worked for the theatre with Gabriel Garran, Jean Claude Fall, Robert Giron\u00e8s, Jean-Ren\u00e9 Lemoine, Genevi\u00e8ve Mnich, Jean Louis Thamin, Stanislas Nordey or Patrick Pineau in contemporary plays (Normand Chaurette, Jean Audureau, Jean-Marie Besset, Jean Magnan, Nicola\u00ef Erdman\u2026) ; for the cinema with Michel Deville, Bernard Stora, El\u00e9onore Faucher (<em>Brodeuses<\/em>), Jean Pierre Mocky\u2026\u00a0She \u00a0worked in the French tv series <em>Fortunes<\/em> and <em>Platane<\/em>.<\/p>\n<h4 class=\"paragraph_style_5\">VoICE<\/h4>\n<ul>\n<li class=\"paragraph_style_5\"><a href=\"https:\/\/www.youtube.com\/watch?v=z2NUlsTYn-M\" target=\"_blank\" rel=\"noopener\">Une vie, une oeuvre 11 f\u00e9vrier 2012 : Rabindranath Tagore<\/a><\/li>\n<\/ul>\n<ul>\n<li class=\"paragraph_style_5\"><a href=\"https:\/\/www.youtube.com\/watch?v=gNBBo69ti4k\" target=\"_blank\" rel=\"noopener\">Lettre d&rsquo;hivernage<\/a><\/li>\n<\/ul>\n<h4 class=\"paragraph_style_5\">VidEO<\/h4>\n<ul>\n<li class=\"paragraph_style_5\"><a href=\"https:\/\/www.youtube.com\/watch?v=N86FvK5mBKo\" target=\"_blank\" rel=\"noopener\">Temps d&rsquo;Amour (extrait)<\/a><\/li>\n<\/ul>\n","protected":false},"excerpt":{"rendered":"<p>After studying at the French premier drama school, the Conservatoire Sup\u00e9rieur d\u2019Art Dramatique, Yasmine has worked for the theatre with Gabriel Garran, Jean Claude Fall, Robert Giron\u00e8s, Jean-Ren\u00e9 Lemoine, Genevi\u00e8ve Mnich, Jean Louis Thamin, Stanislas Nordey or Patrick Pineau in contemporary plays (Normand Chaurette, Jean Audureau, Jean-Marie Besset, Jean Magnan, Nicola\u00ef Erdman\u2026) ; for the [&hellip;]<\/p>\n","protected":false},"author":1,"featured_media":0,"parent":0,"menu_order":0,"comment_status":"closed","ping_status":"closed","template":"","meta":[],"yoast_head":"<!-- This site is optimized with the Yoast SEO plugin v19.6 - https:\/\/yoast.com\/wordpress\/plugins\/seo\/ -->\r\n<title>Actress - Yasmine Modestine<\/title>\r\n<meta name=\"description\" content=\"Yasmine Modestine is also an actress. She has studied at the French premier drama school, and has worked for the theatre, tv, and cinema.\" \/>\r\n<meta name=\"robots\" content=\"index, follow, max-snippet:-1, max-image-preview:large, max-video-preview:-1\" \/>\r\n<link rel=\"canonical\" href=\"http:\/\/www.yasminemodestine.com\/?page_id=175\" \/>\r\n<meta property=\"og:locale\" content=\"fr_FR\" \/>\r\n<meta property=\"og:type\" content=\"article\" \/>\r\n<meta property=\"og:title\" content=\"Yasmine Modestine - Actress\" \/>\r\n<meta property=\"og:description\" content=\"Yasmine Modestine is also an actress. She has studied at the French premier drama school, and has worked for the theatre, tv, and cinema.\" \/>\r\n<meta property=\"og:url\" content=\"http:\/\/www.yasminemodestine.com\/?page_id=175\" \/>\r\n<meta property=\"og:site_name\" content=\"Yasmine Modestine\" \/>\r\n<meta property=\"article:publisher\" content=\"http:\/\/www.facebook.com\/yasminemodestinepage\" \/>\r\n<meta property=\"article:modified_time\" content=\"2024-10-06T18:45:25+00:00\" \/>\r\n<meta property=\"og:image\" content=\"http:\/\/www.yasminemodestine.com\/wp-content\/uploads\/2017\/01\/yasminemodestine_portrait4-240x300.jpg\" \/>\r\n<meta name=\"twitter:card\" content=\"summary\" \/>\r\n<meta name=\"twitter:title\" content=\"Yasmine Modestine - actress\" \/>\r\n<meta name=\"twitter:description\" content=\"Yasmine Modestine is also an actress. She has studied at the French premier drama school, and has worked for the theatre, tv, and cinema.\" \/>\r\n<meta name=\"twitter:site\" content=\"@yasminmodestine\" \/>\r\n<meta name=\"twitter:label1\" content=\"Dur\u00e9e de lecture estim\u00e9e\" \/>\n\t<meta name=\"twitter:data1\" content=\"1 minute\" \/>\r\n<script type=\"application\/ld+json\" class=\"yoast-schema-graph\">{\"@context\":\"https:\/\/schema.org\",\"@graph\":[{\"@type\":\"WebPage\",\"@id\":\"http:\/\/www.yasminemodestine.com\/?page_id=175\",\"url\":\"http:\/\/www.yasminemodestine.com\/?page_id=175\",\"name\":\"Actress - Yasmine Modestine\",\"isPartOf\":{\"@id\":\"http:\/\/www.yasminemodestine.com\/#website\"},\"datePublished\":\"2017-01-07T22:33:24+00:00\",\"dateModified\":\"2024-10-06T18:45:25+00:00\",\"description\":\"Yasmine Modestine is also an actress. She has studied at the French premier drama school, and has worked for the theatre, tv, and cinema.\",\"breadcrumb\":{\"@id\":\"http:\/\/www.yasminemodestine.com\/?page_id=175#breadcrumb\"},\"inLanguage\":\"fr-FR\",\"potentialAction\":[{\"@type\":\"ReadAction\",\"target\":[\"http:\/\/www.yasminemodestine.com\/?page_id=175\"]}]},{\"@type\":\"BreadcrumbList\",\"@id\":\"http:\/\/www.yasminemodestine.com\/?page_id=175#breadcrumb\",\"itemListElement\":[{\"@type\":\"ListItem\",\"position\":1,\"name\":\"Accueil\",\"item\":\"http:\/\/www.yasminemodestine.com\/?page_id=9\"},{\"@type\":\"ListItem\",\"position\":2,\"name\":\"Actress\"}]},{\"@type\":\"WebSite\",\"@id\":\"http:\/\/www.yasminemodestine.com\/#website\",\"url\":\"http:\/\/www.yasminemodestine.com\/\",\"name\":\"Yasmine Modestine\",\"description\":\"PIANO A TEXTE ET VOIX\",\"potentialAction\":[{\"@type\":\"SearchAction\",\"target\":{\"@type\":\"EntryPoint\",\"urlTemplate\":\"http:\/\/www.yasminemodestine.com\/?s={search_term_string}\"},\"query-input\":\"required name=search_term_string\"}],\"inLanguage\":\"fr-FR\"}]}<\/script>\r\n<!-- \/ Yoast SEO plugin. -->","yoast_head_json":{"title":"Actress - Yasmine Modestine","description":"Yasmine Modestine is also an actress. She has studied at the French premier drama school, and has worked for the theatre, tv, and cinema.","robots":{"index":"index","follow":"follow","max-snippet":"max-snippet:-1","max-image-preview":"max-image-preview:large","max-video-preview":"max-video-preview:-1"},"canonical":"http:\/\/www.yasminemodestine.com\/?page_id=175","og_locale":"fr_FR","og_type":"article","og_title":"Yasmine Modestine - Actress","og_description":"Yasmine Modestine is also an actress. She has studied at the French premier drama school, and has worked for the theatre, tv, and cinema.","og_url":"http:\/\/www.yasminemodestine.com\/?page_id=175","og_site_name":"Yasmine Modestine","article_publisher":"http:\/\/www.facebook.com\/yasminemodestinepage","article_modified_time":"2024-10-06T18:45:25+00:00","og_image":[{"url":"http:\/\/www.yasminemodestine.com\/wp-content\/uploads\/2017\/01\/yasminemodestine_portrait4-240x300.jpg"}],"twitter_card":"summary","twitter_title":"Yasmine Modestine - actress","twitter_description":"Yasmine Modestine is also an actress. She has studied at the French premier drama school, and has worked for the theatre, tv, and cinema.","twitter_site":"@yasminmodestine","twitter_misc":{"Dur\u00e9e de lecture estim\u00e9e":"1 minute"},"schema":{"@context":"https:\/\/schema.org","@graph":[{"@type":"WebPage","@id":"http:\/\/www.yasminemodestine.com\/?page_id=175","url":"http:\/\/www.yasminemodestine.com\/?page_id=175","name":"Actress - Yasmine Modestine","isPartOf":{"@id":"http:\/\/www.yasminemodestine.com\/#website"},"datePublished":"2017-01-07T22:33:24+00:00","dateModified":"2024-10-06T18:45:25+00:00","description":"Yasmine Modestine is also an actress. She has studied at the French premier drama school, and has worked for the theatre, tv, and cinema.","breadcrumb":{"@id":"http:\/\/www.yasminemodestine.com\/?page_id=175#breadcrumb"},"inLanguage":"fr-FR","potentialAction":[{"@type":"ReadAction","target":["http:\/\/www.yasminemodestine.com\/?page_id=175"]}]},{"@type":"BreadcrumbList","@id":"http:\/\/www.yasminemodestine.com\/?page_id=175#breadcrumb","itemListElement":[{"@type":"ListItem","position":1,"name":"Accueil","item":"http:\/\/www.yasminemodestine.com\/?page_id=9"},{"@type":"ListItem","position":2,"name":"Actress"}]},{"@type":"WebSite","@id":"http:\/\/www.yasminemodestine.com\/#website","url":"http:\/\/www.yasminemodestine.com\/","name":"Yasmine Modestine","description":"PIANO A TEXTE ET VOIX","potentialAction":[{"@type":"SearchAction","target":{"@type":"EntryPoint","urlTemplate":"http:\/\/www.yasminemodestine.com\/?s={search_term_string}"},"query-input":"required name=search_term_string"}],"inLanguage":"fr-FR"}]}},"_links":{"self":[{"href":"http:\/\/www.yasminemodestine.com\/index.php?rest_route=\/wp\/v2\/pages\/175"}],"collection":[{"href":"http:\/\/www.yasminemodestine.com\/index.php?rest_route=\/wp\/v2\/pages"}],"about":[{"href":"http:\/\/www.yasminemodestine.com\/index.php?rest_route=\/wp\/v2\/types\/page"}],"author":[{"embeddable":true,"href":"http:\/\/www.yasminemodestine.com\/index.php?rest_route=\/wp\/v2\/users\/1"}],"replies":[{"embeddable":true,"href":"http:\/\/www.yasminemodestine.com\/index.php?rest_route=%2Fwp%2Fv2%2Fcomments&post=175"}],"version-history":[{"count":8,"href":"http:\/\/www.yasminemodestine.com\/index.php?rest_route=\/wp\/v2\/pages\/175\/revisions"}],"predecessor-version":[{"id":581,"href":"http:\/\/www.yasminemodestine.com\/index.php?rest_route=\/wp\/v2\/pages\/175\/revisions\/581"}],"wp:attachment":[{"href":"http:\/\/www.yasminemodestine.com\/index.php?rest_route=%2Fwp%2Fv2%2Fmedia&parent=175"}],"curies":[{"name":"wp","href":"https:\/\/api.w.org\/{rel}","templated":true}]}}